{"id":12487,"date":"2023-11-27T13:59:36","date_gmt":"2023-11-27T12:59:36","guid":{"rendered":"https:\/\/rapports.groupe.schmidt\/impacto\/certificacion-b-corp\/"},"modified":"2024-03-12T10:14:06","modified_gmt":"2024-03-12T09:14:06","slug":"certificacion-b-corp","status":"publish","type":"page","link":"https:\/\/rapports.groupe.schmidt\/es\/2023-2\/impacto\/certificacion-b-corp\/","title":{"rendered":"Certificaci\u00f3n B Corp"},"content":{"rendered":"\t\t<div data-elementor-type=\"wp-page\" data-elementor-id=\"12487\" class=\"elementor elementor-12487 elementor-8780\" data-elementor-post-type=\"page\">\n\t\t\t\t\t\t\t<div class=\"elementor-element elementor-element-2e9e86d6 e-con-full e-flex e-con e-parent\" data-id=\"2e9e86d6\" data-element_type=\"container\" data-settings=\"{&quot;content_width&quot;:&quot;full&quot;,&quot;container_type&quot;:&quot;flex&quot;}\" data-core-v316-plus=\"true\">\n\t\t<div class=\"elementor-element elementor-element-14a22b13 e-con-full e-flex e-con e-child\" data-id=\"14a22b13\" data-element_type=\"container\" data-settings=\"{&quot;background_background&quot;:&quot;slideshow&quot;,&quot;background_slideshow_gallery&quot;:[{&quot;id&quot;:11031,&quot;url&quot;:&quot;https:\\\/\\\/rapports.groupe.schmidt\\\/assets\\\/uploads\\\/2024\\\/01\\\/Image1-1-3.jpg&quot;}],&quot;content_width&quot;:&quot;full&quot;,&quot;container_type&quot;:&quot;flex&quot;,&quot;background_slideshow_loop&quot;:&quot;yes&quot;,&quot;background_slideshow_slide_duration&quot;:5000,&quot;background_slideshow_slide_transition&quot;:&quot;fade&quot;,&quot;background_slideshow_transition_duration&quot;:500}\">\n\t\t\t\t<\/div>\n\t\t\t\t<\/div>\n\t\t<div class=\"elementor-element elementor-element-36673bce e-con-full e-flex e-con e-parent\" data-id=\"36673bce\" data-element_type=\"container\" data-settings=\"{&quot;background_background&quot;:&quot;classic&quot;,&quot;content_width&quot;:&quot;full&quot;,&quot;container_type&quot;:&quot;flex&quot;}\" data-core-v316-plus=\"true\">\n\t\t<div class=\"elementor-element elementor-element-335dd5b4 e-con-full e-flex e-con e-child\" data-id=\"335dd5b4\" data-element_type=\"container\" data-settings=\"{&quot;content_width&quot;:&quot;full&quot;,&quot;background_background&quot;:&quot;classic&quot;,&quot;container_type&quot;:&quot;flex&quot;}\">\n\t\t<div class=\"elementor-element elementor-element-2387282 e-flex e-con-boxed e-con e-child\" data-id=\"2387282\" data-element_type=\"container\" data-settings=\"{&quot;container_type&quot;:&quot;flex&quot;,&quot;content_width&quot;:&quot;boxed&quot;}\">\n\t\t\t\t\t<div class=\"e-con-inner\">\n\t\t\t\t<div class=\"elementor-element elementor-element-04bfeec elementor-widget elementor-widget-heading\" data-id=\"04bfeec\" data-element_type=\"widget\" data-widget_type=\"heading.default\">\n\t\t\t\t<div class=\"elementor-widget-container\">\n\t\t\t<style>\/*! elementor - v3.17.0 - 08-11-2023 *\/\n.elementor-heading-title{padding:0;margin:0;line-height:1}.elementor-widget-heading .elementor-heading-title[class*=elementor-size-]>a{color:inherit;font-size:inherit;line-height:inherit}.elementor-widget-heading .elementor-heading-title.elementor-size-small{font-size:15px}.elementor-widget-heading .elementor-heading-title.elementor-size-medium{font-size:19px}.elementor-widget-heading .elementor-heading-title.elementor-size-large{font-size:29px}.elementor-widget-heading .elementor-heading-title.elementor-size-xl{font-size:39px}.elementor-widget-heading .elementor-heading-title.elementor-size-xxl{font-size:59px}<\/style><h2 class=\"elementor-heading-title elementor-size-default\">impact<\/h2>\t\t<\/div>\n\t\t\t\t<\/div>\n\t\t\t\t\t<\/div>\n\t\t\t\t<\/div>\n\t\t\t\t<div class=\"elementor-element elementor-element-3b5082d elementor-vertical-align-top elementor-invisible elementor-widget elementor-widget-icon-box\" data-id=\"3b5082d\" data-element_type=\"widget\" data-settings=\"{&quot;_animation&quot;:&quot;fadeIn&quot;,&quot;_animation_delay&quot;:&quot;0&quot;}\" data-widget_type=\"icon-box.default\">\n\t\t\t\t<div class=\"elementor-widget-container\">\n\t\t\t<link rel=\"stylesheet\" href=\"https:\/\/rapports.groupe.schmidt\/assets\/plugins\/elementor\/assets\/css\/widget-icon-box.min.css\">\t\t<div class=\"elementor-icon-box-wrapper\">\n\t\t\t\t\t\t<div class=\"elementor-icon-box-content\">\n\t\t\t\t<h3 class=\"elementor-icon-box-title\">\n\t\t\t\t\t<span  >\n\t\t\t\t\t\tEstrategia 2023\t\t\t\t\t<\/span>\n\t\t\t\t<\/h3>\n\t\t\t\t\t\t\t\t\t<p class=\"elementor-icon-box-description\">\n\t\t\t\t\t\tEn 2023 culmin\u00f3 un proceso ambicioso y de gran impacto: nuestra empresa ha obtenido la certificaci\u00f3n B Corp. Este galard\u00f3n es la prueba de nuestro compromiso y confirma las decisiones concretas que hemos tomado para hacer del mundo un lugar mejor. En l\u00ednea con nuestra ambici\u00f3n de convertirnos en un l\u00edder econ\u00f3mico europeo reconocido por su impacto positivo en la sociedad y el medio ambiente, hemos acelerado nuestras acciones de impacto positivo en todos nuestros pilares de RSC: planeta, empleados, clientes y comunidades.\t\t\t\t\t<\/p>\n\t\t\t\t\t\t\t<\/div>\n\t\t<\/div>\n\t\t\t\t<\/div>\n\t\t\t\t<\/div>\n\t\t\t\t<div class=\"elementor-element elementor-element-56395dd0 elementor-vertical-align-middle animated-slow elementor-invisible elementor-widget elementor-widget-icon-box\" data-id=\"56395dd0\" data-element_type=\"widget\" data-settings=\"{&quot;_animation&quot;:&quot;fadeIn&quot;,&quot;_animation_delay&quot;:&quot;200&quot;}\" data-widget_type=\"icon-box.default\">\n\t\t\t\t<div class=\"elementor-widget-container\">\n\t\t\t\t\t<div class=\"elementor-icon-box-wrapper\">\n\t\t\t\t\t\t<div class=\"elementor-icon-box-content\">\n\t\t\t\t<h3 class=\"elementor-icon-box-title\">\n\t\t\t\t\t<span  >\n\t\t\t\t\t\tAmbici\u00f3n 2024\t\t\t\t\t<\/span>\n\t\t\t\t<\/h3>\n\t\t\t\t\t\t\t\t\t<p class=\"elementor-icon-box-description\">\n\t\t\t\t\t\tEste a\u00f1o marcar\u00e1 una verdadera aceleraci\u00f3n para la Responsabilidad Social Corporativa de Schmidt Groupe. El desarrollo sostenible debe convertirse en el criterio principal de nuestra estrategia corporativa, y queremos medir nuestro \u00e9xito no s\u00f3lo en t\u00e9rminos de ventas, sino tambi\u00e9n en t\u00e9rminos de clientes satisfechos, empleados satisfechos e impacto positivo. Respaldados por nuestra certificaci\u00f3n B Corp como prueba concreta de nuestro compromiso, estamos en el camino de reencantar nuestro modelo de negocio al servicio de una mejor convivencia.\t\t\t\t\t<\/p>\n\t\t\t\t\t\t\t<\/div>\n\t\t<\/div>\n\t\t\t\t<\/div>\n\t\t\t\t<\/div>\n\t\t\t\t<\/div>\n\t\t<div class=\"elementor-element elementor-element-484ec615 e-con-full e-flex e-con e-child\" data-id=\"484ec615\" data-element_type=\"container\" data-settings=\"{&quot;background_background&quot;:&quot;classic&quot;,&quot;content_width&quot;:&quot;full&quot;,&quot;container_type&quot;:&quot;flex&quot;}\">\n\t\t\t\t<div class=\"elementor-element elementor-element-320d8a4c elementor-widget elementor-widget-heading\" data-id=\"320d8a4c\" data-element_type=\"widget\" data-widget_type=\"heading.default\">\n\t\t\t\t<div class=\"elementor-widget-container\">\n\t\t\t<h2 class=\"elementor-heading-title elementor-size-default\">\u00a1orgulloso de ser bcorp\u2122!<\/h2>\t\t<\/div>\n\t\t\t\t<\/div>\n\t\t\t\t<div class=\"elementor-element elementor-element-2eefd1cc elementor-widget__width-initial elementor-widget elementor-widget-text-editor\" data-id=\"2eefd1cc\" data-element_type=\"widget\" data-widget_type=\"text-editor.default\">\n\t\t\t\t<div class=\"elementor-widget-container\">\n\t\t\t<style>\/*! elementor - v3.17.0 - 08-11-2023 *\/\n.elementor-widget-text-editor.elementor-drop-cap-view-stacked .elementor-drop-cap{background-color:#69727d;color:#fff}.elementor-widget-text-editor.elementor-drop-cap-view-framed .elementor-drop-cap{color:#69727d;border:3px solid;background-color:transparent}.elementor-widget-text-editor:not(.elementor-drop-cap-view-default) .elementor-drop-cap{margin-top:8px}.elementor-widget-text-editor:not(.elementor-drop-cap-view-default) .elementor-drop-cap-letter{width:1em;height:1em}.elementor-widget-text-editor .elementor-drop-cap{float:left;text-align:center;line-height:1;font-size:50px}.elementor-widget-text-editor .elementor-drop-cap-letter{display:inline-block}<\/style>\t\t\t\t<p>Tras un largo y exigente proceso que comenz\u00f3 en abril de 2022, estamos muy orgullosos de habernos adherido al movimiento de Empresas de Impacto Positivo en noviembre de 2023. Este logro es el \u00e9xito de toda la empresa y el fruto de un esfuerzo colectivo en el que ha participado toda la empresa desde su creaci\u00f3n.<\/p>\n<p>M\u00e1s que una etiqueta, B Corp es un movimiento internacional que agrupa a m\u00e1s de 7.200 empresas B Certified en 93 pa\u00edses, 350 de ellas en Francia. Todas las empresas B Corp comparten una visi\u00f3n com\u00fan: situamos el impacto positivo en el centro de nuestras prioridades, adoptando elevados est\u00e1ndares sociales y medioambientales para contribuir a una econom\u00eda m\u00e1s inclusiva, equitativa y regenerativa&#8230; preservando al mismo tiempo el equilibrio entre rentabilidad y responsabilidad.<\/p>\n<p>Schmidt Groupe obtuvo la certificaci\u00f3n con una puntuaci\u00f3n de 84,3 puntos. Le explicamos qu\u00e9 es B Corp, c\u00f3mo convertirse en una y por qu\u00e9 haciendo clic aqu\u00ed.<\/p>\n\t\t\t\t\t\t<\/div>\n\t\t\t\t<\/div>\n\t\t<div class=\"elementor-element elementor-element-79d2567 e-con-full e-flex e-con e-child\" data-id=\"79d2567\" data-element_type=\"container\" data-settings=\"{&quot;content_width&quot;:&quot;full&quot;,&quot;background_background&quot;:&quot;classic&quot;,&quot;container_type&quot;:&quot;flex&quot;}\">\n\t\t<div class=\"elementor-element elementor-element-273cca1 e-flex e-con-boxed e-con e-child\" data-id=\"273cca1\" data-element_type=\"container\" data-settings=\"{&quot;container_type&quot;:&quot;flex&quot;,&quot;content_width&quot;:&quot;boxed&quot;}\">\n\t\t\t\t\t<div class=\"e-con-inner\">\n\t\t\t\t<div class=\"elementor-element elementor-element-b4c6091 elementor-widget__width-initial elementor-widget elementor-widget-text-editor\" data-id=\"b4c6091\" data-element_type=\"widget\" data-widget_type=\"text-editor.default\">\n\t\t\t\t<div class=\"elementor-widget-container\">\n\t\t\t\t\t\t\t<p>\u00abAnte la aceleraci\u00f3n de los trastornos clim\u00e1ticos y sociales, en Schmidt Groupe, una empresa extendida y comprometida, queremos actuar m\u00e1s r\u00e1pido y con m\u00e1s fuerza para reinventar tu espacio vital personalizado y sostenible para que vivas mejor. Y juntos contribuiremos a reinventar la forma en que vivimos en el mundo.\u00bb<strong> Anne Leitzgen, Presidente<\/strong><\/p>\n\t\t\t\t\t\t<\/div>\n\t\t\t\t<\/div>\n\t\t\t\t\t<\/div>\n\t\t\t\t<\/div>\n\t\t\t\t<\/div>\n\t\t<div class=\"elementor-element elementor-element-ffd5e9e e-con-full e-flex e-con e-child\" data-id=\"ffd5e9e\" data-element_type=\"container\" data-settings=\"{&quot;content_width&quot;:&quot;full&quot;,&quot;background_background&quot;:&quot;classic&quot;,&quot;container_type&quot;:&quot;flex&quot;}\">\n\t\t\t\t<div class=\"elementor-element elementor-element-f66fe08 elementor-widget elementor-widget-image\" data-id=\"f66fe08\" data-element_type=\"widget\" data-widget_type=\"image.default\">\n\t\t\t\t<div class=\"elementor-widget-container\">\n\t\t\t<style>\/*! elementor - v3.17.0 - 08-11-2023 *\/\n.elementor-widget-image{text-align:center}.elementor-widget-image a{display:inline-block}.elementor-widget-image a img[src$=\".svg\"]{width:48px}.elementor-widget-image img{vertical-align:middle;display:inline-block}<\/style>\t\t\t\t\t\t\t\t\t\t\t\t\t<a href=\"https:\/\/www.groupe.schmidt\/b-corp\/\">\n\t\t\t\t\t\t\t<img fetchpriority=\"high\" decoding=\"async\" width=\"1024\" height=\"137\" src=\"https:\/\/rapports.groupe.schmidt\/assets\/uploads\/2024\/01\/Banniere-1024x137.jpg\" class=\"attachment-large size-large wp-image-12493\" alt=\"\" srcset=\"https:\/\/rapports.groupe.schmidt\/assets\/uploads\/2024\/01\/Banniere-1024x137.jpg 1024w, https:\/\/rapports.groupe.schmidt\/assets\/uploads\/2024\/01\/Banniere-300x40.jpg 300w, https:\/\/rapports.groupe.schmidt\/assets\/uploads\/2024\/01\/Banniere.jpg 2000w\" sizes=\"(max-width: 1024px) 100vw, 1024px\" \/>\t\t\t\t\t\t\t\t<\/a>\n\t\t\t\t\t\t\t\t\t\t\t\t\t\t\t<\/div>\n\t\t\t\t<\/div>\n\t\t\t\t<\/div>\n\t\t\t\t<\/div>\n\t\t\t\t<\/div>\n\t\t\t\t\t\t\t<\/div>\n\t\t","protected":false},"excerpt":{"rendered":"<p>impact Estrategia 2023 En 2023 culmin\u00f3 un proceso ambicioso y de gran impacto: nuestra empresa ha obtenido la certificaci\u00f3n B Corp. Este galard\u00f3n es la prueba de nuestro compromiso y confirma las decisiones concretas que hemos tomado para hacer del mundo un lugar mejor. En l\u00ednea con nuestra ambici\u00f3n de convertirnos en un l\u00edder econ\u00f3mico [&hellip;]<\/p>\n","protected":false},"author":11,"featured_media":0,"parent":10793,"menu_order":0,"comment_status":"closed","ping_status":"closed","template":"","meta":{"footnotes":""},"class_list":["post-12487","page","type-page","status-publish","hentry","entry"],"yoast_head":"<!-- This site is optimized with the Yoast SEO plugin v21.5 - https:\/\/yoast.com\/wordpress\/plugins\/seo\/ -->\n<title>Certificaci\u00f3n B Corp - Rapport 2023 Schmidt Groupe<\/title>\n<meta name=\"robots\" content=\"noindex, follow, max-snippet:-1, max-image-preview:large, max-video-preview:-1\" \/>\n<meta property=\"og:locale\" content=\"es_ES\" \/>\n<meta property=\"og:type\" content=\"article\" \/>\n<meta property=\"og:title\" content=\"Certificaci\u00f3n B Corp - Rapport 2023 Schmidt Groupe\" \/>\n<meta property=\"og:description\" content=\"impact Estrategia 2023 En 2023 culmin\u00f3 un proceso ambicioso y de gran impacto: nuestra empresa ha obtenido la certificaci\u00f3n B Corp. Este galard\u00f3n es la prueba de nuestro compromiso y confirma las decisiones concretas que hemos tomado para hacer del mundo un lugar mejor. En l\u00ednea con nuestra ambici\u00f3n de convertirnos en un l\u00edder econ\u00f3mico [&hellip;]\" \/>\n<meta property=\"og:url\" content=\"https:\/\/rapports.groupe.schmidt\/es\/2023-2\/impacto\/certificacion-b-corp\/\" \/>\n<meta property=\"og:site_name\" content=\"Rapport 2023 Schmidt Groupe\" \/>\n<meta property=\"article:modified_time\" content=\"2024-03-12T09:14:06+00:00\" \/>\n<meta property=\"og:image\" content=\"https:\/\/rapports.groupe.schmidt\/assets\/uploads\/2024\/01\/Banniere-1024x137.jpg\" \/>\n<meta name=\"twitter:card\" content=\"summary_large_image\" \/>\n<meta name=\"twitter:label1\" content=\"Tiempo de lectura\" \/>\n\t<meta name=\"twitter:data1\" content=\"2 minutos\" \/>\n<script type=\"application\/ld+json\" class=\"yoast-schema-graph\">{\"@context\":\"https:\/\/schema.org\",\"@graph\":[{\"@type\":\"WebPage\",\"@id\":\"https:\/\/rapports.groupe.schmidt\/es\/2023-2\/impacto\/certificacion-b-corp\/\",\"url\":\"https:\/\/rapports.groupe.schmidt\/es\/2023-2\/impacto\/certificacion-b-corp\/\",\"name\":\"Certificaci\u00f3n B Corp - Rapport 2023 Schmidt Groupe\",\"isPartOf\":{\"@id\":\"https:\/\/rapports.groupe.schmidt\/es\/#website\"},\"datePublished\":\"2023-11-27T12:59:36+00:00\",\"dateModified\":\"2024-03-12T09:14:06+00:00\",\"breadcrumb\":{\"@id\":\"https:\/\/rapports.groupe.schmidt\/es\/2023-2\/impacto\/certificacion-b-corp\/#breadcrumb\"},\"inLanguage\":\"es\",\"potentialAction\":[{\"@type\":\"ReadAction\",\"target\":[\"https:\/\/rapports.groupe.schmidt\/es\/2023-2\/impacto\/certificacion-b-corp\/\"]}]},{\"@type\":\"BreadcrumbList\",\"@id\":\"https:\/\/rapports.groupe.schmidt\/es\/2023-2\/impacto\/certificacion-b-corp\/#breadcrumb\",\"itemListElement\":[{\"@type\":\"ListItem\",\"position\":1,\"name\":\"2023\",\"item\":\"https:\/\/rapports.groupe.schmidt\/es\/\"},{\"@type\":\"ListItem\",\"position\":2,\"name\":\"Impacto\",\"item\":\"https:\/\/rapports.groupe.schmidt\/es\/impacto\/\"},{\"@type\":\"ListItem\",\"position\":3,\"name\":\"Certificaci\u00f3n B Corp\"}]},{\"@type\":\"WebSite\",\"@id\":\"https:\/\/rapports.groupe.schmidt\/es\/#website\",\"url\":\"https:\/\/rapports.groupe.schmidt\/es\/\",\"name\":\"Rapport 2023 Schmidt Groupe\",\"description\":\"\",\"publisher\":{\"@id\":\"https:\/\/rapports.groupe.schmidt\/es\/#organization\"},\"potentialAction\":[{\"@type\":\"SearchAction\",\"target\":{\"@type\":\"EntryPoint\",\"urlTemplate\":\"https:\/\/rapports.groupe.schmidt\/es\/?s={search_term_string}\"},\"query-input\":\"required name=search_term_string\"}],\"inLanguage\":\"es\"},{\"@type\":\"Organization\",\"@id\":\"https:\/\/rapports.groupe.schmidt\/es\/#organization\",\"name\":\"Rapport 2023 Schmidt Groupe\",\"url\":\"https:\/\/rapports.groupe.schmidt\/es\/\",\"logo\":{\"@type\":\"ImageObject\",\"inLanguage\":\"es\",\"@id\":\"https:\/\/rapports.groupe.schmidt\/es\/#\/schema\/logo\/image\/\",\"url\":\"https:\/\/rapports.groupe.schmidt\/assets\/uploads\/2023\/01\/schmidt_logo.svg\",\"contentUrl\":\"https:\/\/rapports.groupe.schmidt\/assets\/uploads\/2023\/01\/schmidt_logo.svg\",\"caption\":\"Rapport 2023 Schmidt Groupe\"},\"image\":{\"@id\":\"https:\/\/rapports.groupe.schmidt\/es\/#\/schema\/logo\/image\/\"}}]}<\/script>\n<!-- \/ Yoast SEO plugin. -->","yoast_head_json":{"title":"Certificaci\u00f3n B Corp - Rapport 2023 Schmidt Groupe","robots":{"index":"noindex","follow":"follow","max-snippet":"max-snippet:-1","max-image-preview":"max-image-preview:large","max-video-preview":"max-video-preview:-1"},"og_locale":"es_ES","og_type":"article","og_title":"Certificaci\u00f3n B Corp - Rapport 2023 Schmidt Groupe","og_description":"impact Estrategia 2023 En 2023 culmin\u00f3 un proceso ambicioso y de gran impacto: nuestra empresa ha obtenido la certificaci\u00f3n B Corp. Este galard\u00f3n es la prueba de nuestro compromiso y confirma las decisiones concretas que hemos tomado para hacer del mundo un lugar mejor. En l\u00ednea con nuestra ambici\u00f3n de convertirnos en un l\u00edder econ\u00f3mico [&hellip;]","og_url":"https:\/\/rapports.groupe.schmidt\/es\/2023-2\/impacto\/certificacion-b-corp\/","og_site_name":"Rapport 2023 Schmidt Groupe","article_modified_time":"2024-03-12T09:14:06+00:00","og_image":[{"url":"https:\/\/rapports.groupe.schmidt\/assets\/uploads\/2024\/01\/Banniere-1024x137.jpg"}],"twitter_card":"summary_large_image","twitter_misc":{"Tiempo de lectura":"2 minutos"},"schema":{"@context":"https:\/\/schema.org","@graph":[{"@type":"WebPage","@id":"https:\/\/rapports.groupe.schmidt\/es\/2023-2\/impacto\/certificacion-b-corp\/","url":"https:\/\/rapports.groupe.schmidt\/es\/2023-2\/impacto\/certificacion-b-corp\/","name":"Certificaci\u00f3n B Corp - Rapport 2023 Schmidt Groupe","isPartOf":{"@id":"https:\/\/rapports.groupe.schmidt\/es\/#website"},"datePublished":"2023-11-27T12:59:36+00:00","dateModified":"2024-03-12T09:14:06+00:00","breadcrumb":{"@id":"https:\/\/rapports.groupe.schmidt\/es\/2023-2\/impacto\/certificacion-b-corp\/#breadcrumb"},"inLanguage":"es","potentialAction":[{"@type":"ReadAction","target":["https:\/\/rapports.groupe.schmidt\/es\/2023-2\/impacto\/certificacion-b-corp\/"]}]},{"@type":"BreadcrumbList","@id":"https:\/\/rapports.groupe.schmidt\/es\/2023-2\/impacto\/certificacion-b-corp\/#breadcrumb","itemListElement":[{"@type":"ListItem","position":1,"name":"2023","item":"https:\/\/rapports.groupe.schmidt\/es\/"},{"@type":"ListItem","position":2,"name":"Impacto","item":"https:\/\/rapports.groupe.schmidt\/es\/impacto\/"},{"@type":"ListItem","position":3,"name":"Certificaci\u00f3n B Corp"}]},{"@type":"WebSite","@id":"https:\/\/rapports.groupe.schmidt\/es\/#website","url":"https:\/\/rapports.groupe.schmidt\/es\/","name":"Rapport 2023 Schmidt Groupe","description":"","publisher":{"@id":"https:\/\/rapports.groupe.schmidt\/es\/#organization"},"potentialAction":[{"@type":"SearchAction","target":{"@type":"EntryPoint","urlTemplate":"https:\/\/rapports.groupe.schmidt\/es\/?s={search_term_string}"},"query-input":"required name=search_term_string"}],"inLanguage":"es"},{"@type":"Organization","@id":"https:\/\/rapports.groupe.schmidt\/es\/#organization","name":"Rapport 2023 Schmidt Groupe","url":"https:\/\/rapports.groupe.schmidt\/es\/","logo":{"@type":"ImageObject","inLanguage":"es","@id":"https:\/\/rapports.groupe.schmidt\/es\/#\/schema\/logo\/image\/","url":"https:\/\/rapports.groupe.schmidt\/assets\/uploads\/2023\/01\/schmidt_logo.svg","contentUrl":"https:\/\/rapports.groupe.schmidt\/assets\/uploads\/2023\/01\/schmidt_logo.svg","caption":"Rapport 2023 Schmidt Groupe"},"image":{"@id":"https:\/\/rapports.groupe.schmidt\/es\/#\/schema\/logo\/image\/"}}]}},"_links":{"self":[{"href":"https:\/\/rapports.groupe.schmidt\/es\/wp-json\/wp\/v2\/pages\/12487","targetHints":{"allow":["GET"]}}],"collection":[{"href":"https:\/\/rapports.groupe.schmidt\/es\/wp-json\/wp\/v2\/pages"}],"about":[{"href":"https:\/\/rapports.groupe.schmidt\/es\/wp-json\/wp\/v2\/types\/page"}],"author":[{"embeddable":true,"href":"https:\/\/rapports.groupe.schmidt\/es\/wp-json\/wp\/v2\/users\/11"}],"replies":[{"embeddable":true,"href":"https:\/\/rapports.groupe.schmidt\/es\/wp-json\/wp\/v2\/comments?post=12487"}],"version-history":[{"count":3,"href":"https:\/\/rapports.groupe.schmidt\/es\/wp-json\/wp\/v2\/pages\/12487\/revisions"}],"predecessor-version":[{"id":12496,"href":"https:\/\/rapports.groupe.schmidt\/es\/wp-json\/wp\/v2\/pages\/12487\/revisions\/12496"}],"up":[{"embeddable":true,"href":"https:\/\/rapports.groupe.schmidt\/es\/wp-json\/wp\/v2\/pages\/10793"}],"wp:attachment":[{"href":"https:\/\/rapports.groupe.schmidt\/es\/wp-json\/wp\/v2\/media?parent=12487"}],"curies":[{"name":"wp","href":"https:\/\/api.w.org\/{rel}","templated":true}]}}