{"id":12254,"date":"2023-11-30T12:25:24","date_gmt":"2023-11-30T11:25:24","guid":{"rendered":"https:\/\/rapports.groupe.schmidt\/2023-2\/people\/schmidt-groupe-academy\/"},"modified":"2024-03-19T09:49:44","modified_gmt":"2024-03-19T08:49:44","slug":"schmidt-groupe-academy","status":"publish","type":"page","link":"https:\/\/rapports.groupe.schmidt\/de\/2023-2\/people\/schmidt-groupe-academy\/","title":{"rendered":"Schmidt Groupe Academy"},"content":{"rendered":"\t\t<div data-elementor-type=\"wp-page\" data-elementor-id=\"12254\" class=\"elementor elementor-12254 elementor-9398\" data-elementor-post-type=\"page\">\n\t\t\t\t\t\t\t<div class=\"elementor-element elementor-element-2e9e86d6 e-con-full e-flex e-con e-parent\" data-id=\"2e9e86d6\" data-element_type=\"container\" data-settings=\"{&quot;content_width&quot;:&quot;full&quot;,&quot;container_type&quot;:&quot;flex&quot;}\" data-core-v316-plus=\"true\">\n\t\t<div class=\"elementor-element elementor-element-14a22b13 e-con-full e-flex e-con e-child\" data-id=\"14a22b13\" data-element_type=\"container\" data-settings=\"{&quot;background_background&quot;:&quot;slideshow&quot;,&quot;background_slideshow_gallery&quot;:[{&quot;id&quot;:9686,&quot;url&quot;:&quot;https:\\\/\\\/rapports.groupe.schmidt\\\/assets\\\/uploads\\\/2023\\\/12\\\/4A3A8292.jpg&quot;}],&quot;content_width&quot;:&quot;full&quot;,&quot;container_type&quot;:&quot;flex&quot;,&quot;background_slideshow_loop&quot;:&quot;yes&quot;,&quot;background_slideshow_slide_duration&quot;:5000,&quot;background_slideshow_slide_transition&quot;:&quot;fade&quot;,&quot;background_slideshow_transition_duration&quot;:500}\">\n\t\t\t\t<\/div>\n\t\t\t\t<\/div>\n\t\t<div class=\"elementor-element elementor-element-36673bce e-con-full e-flex e-con e-parent\" data-id=\"36673bce\" data-element_type=\"container\" data-settings=\"{&quot;background_background&quot;:&quot;classic&quot;,&quot;content_width&quot;:&quot;full&quot;,&quot;container_type&quot;:&quot;flex&quot;}\" data-core-v316-plus=\"true\">\n\t\t<div class=\"elementor-element elementor-element-335dd5b4 e-con-full e-flex e-con e-child\" data-id=\"335dd5b4\" data-element_type=\"container\" data-settings=\"{&quot;content_width&quot;:&quot;full&quot;,&quot;background_background&quot;:&quot;classic&quot;,&quot;container_type&quot;:&quot;flex&quot;}\">\n\t\t<div class=\"elementor-element elementor-element-2387282 e-flex e-con-boxed e-con e-child\" data-id=\"2387282\" data-element_type=\"container\" data-settings=\"{&quot;container_type&quot;:&quot;flex&quot;,&quot;content_width&quot;:&quot;boxed&quot;}\">\n\t\t\t\t\t<div class=\"e-con-inner\">\n\t\t\t\t<div class=\"elementor-element elementor-element-04bfeec elementor-widget elementor-widget-heading\" data-id=\"04bfeec\" data-element_type=\"widget\" data-widget_type=\"heading.default\">\n\t\t\t\t<div class=\"elementor-widget-container\">\n\t\t\t<style>\/*! elementor - v3.17.0 - 08-11-2023 *\/\n.elementor-heading-title{padding:0;margin:0;line-height:1}.elementor-widget-heading .elementor-heading-title[class*=elementor-size-]>a{color:inherit;font-size:inherit;line-height:inherit}.elementor-widget-heading .elementor-heading-title.elementor-size-small{font-size:15px}.elementor-widget-heading .elementor-heading-title.elementor-size-medium{font-size:19px}.elementor-widget-heading .elementor-heading-title.elementor-size-large{font-size:29px}.elementor-widget-heading .elementor-heading-title.elementor-size-xl{font-size:39px}.elementor-widget-heading .elementor-heading-title.elementor-size-xxl{font-size:59px}<\/style><h2 class=\"elementor-heading-title elementor-size-default\">People<\/h2>\t\t<\/div>\n\t\t\t\t<\/div>\n\t\t\t\t\t<\/div>\n\t\t\t\t<\/div>\n\t\t\t\t<div class=\"elementor-element elementor-element-3b5082d elementor-vertical-align-top elementor-invisible elementor-widget elementor-widget-icon-box\" data-id=\"3b5082d\" data-element_type=\"widget\" data-settings=\"{&quot;_animation&quot;:&quot;fadeIn&quot;,&quot;_animation_delay&quot;:&quot;0&quot;}\" data-widget_type=\"icon-box.default\">\n\t\t\t\t<div class=\"elementor-widget-container\">\n\t\t\t<link rel=\"stylesheet\" href=\"https:\/\/rapports.groupe.schmidt\/assets\/plugins\/elementor\/assets\/css\/widget-icon-box.min.css\">\t\t<div class=\"elementor-icon-box-wrapper\">\n\t\t\t\t\t\t<div class=\"elementor-icon-box-content\">\n\t\t\t\t<h3 class=\"elementor-icon-box-title\">\n\t\t\t\t\t<span  >\n\t\t\t\t\t\tStrategie 2023\t\t\t\t\t<\/span>\n\t\t\t\t<\/h3>\n\t\t\t\t\t\t\t\t\t<p class=\"elementor-icon-box-description\">\n\t\t\t\t\t\tDie Frauen und M\u00e4nner unseres erweiterten Unternehmens wurden das ganze Jahr \u00fcber zu zentralen HR-Themen mobilisiert. Neben der Sicherheit, die an erster Stelle unserer Priorit\u00e4ten steht, wurden zahlreiche Ma\u00dfnahmen im Dienste der Menschen umgesetzt: Umgestaltung unserer Arbeitsr\u00e4ume und unserer Zusammenarbeitsformen, Verankerung unserer Werte, Ma\u00dfnahmen zur Unterst\u00fctzung der Kaufkraft der Mitarbeiter... \r\nMit der positiven Wirkung als Grundlage ihrer Strategie stellt die Schmidt Groupe die Frauen und M\u00e4nner in den Mittelpunkt ihres Handelns.\t\t\t\t\t<\/p>\n\t\t\t\t\t\t\t<\/div>\n\t\t<\/div>\n\t\t\t\t<\/div>\n\t\t\t\t<\/div>\n\t\t\t\t<div class=\"elementor-element elementor-element-56395dd0 elementor-vertical-align-middle animated-slow elementor-invisible elementor-widget elementor-widget-icon-box\" data-id=\"56395dd0\" data-element_type=\"widget\" data-settings=\"{&quot;_animation&quot;:&quot;fadeIn&quot;,&quot;_animation_delay&quot;:&quot;200&quot;}\" data-widget_type=\"icon-box.default\">\n\t\t\t\t<div class=\"elementor-widget-container\">\n\t\t\t\t\t<div class=\"elementor-icon-box-wrapper\">\n\t\t\t\t\t\t<div class=\"elementor-icon-box-content\">\n\t\t\t\t<h3 class=\"elementor-icon-box-title\">\n\t\t\t\t\t<span  >\n\t\t\t\t\t\tZielsetzungen 2024\t\t\t\t\t<\/span>\n\t\t\t\t<\/h3>\n\t\t\t\t\t\t\t\t\t<p class=\"elementor-icon-box-description\">\n\t\t\t\t\t\tUm unserem ehrgeizigen Strategieplan gerecht zu werden und unsere Entwicklung zu einem Unternehmen mit nachhaltigen positiven Auswirkungen fortzusetzen, m\u00fcssen wir die Frauen und M\u00e4nner unseres \u00d6kosystems mobilisieren. Diese Beschleunigung im Bereich der Verantwortung geht Hand in Hand mit einer Weiterentwicklung unserer Organisationen, unserer Berufe, unserer Kompetenzen und unserer Mitarbeiter. Unter Wahrung unserer DNA und St\u00e4rkung unserer Kultur m\u00fcssen wir uns an diese neuen Herausforderungen anpassen und alle unsere Stakeholder durch zentrale menschliche Verhaltensweisen wie Verantwortung und Kooperation einbinden!\t\t\t\t\t<\/p>\n\t\t\t\t\t\t\t<\/div>\n\t\t<\/div>\n\t\t\t\t<\/div>\n\t\t\t\t<\/div>\n\t\t\t\t<\/div>\n\t\t<div class=\"elementor-element elementor-element-484ec615 e-con-full e-flex e-con e-child\" data-id=\"484ec615\" data-element_type=\"container\" data-settings=\"{&quot;background_background&quot;:&quot;classic&quot;,&quot;content_width&quot;:&quot;full&quot;,&quot;container_type&quot;:&quot;flex&quot;}\">\n\t\t\t\t<div class=\"elementor-element elementor-element-320d8a4c elementor-widget elementor-widget-heading\" data-id=\"320d8a4c\" data-element_type=\"widget\" data-widget_type=\"heading.default\">\n\t\t\t\t<div class=\"elementor-widget-container\">\n\t\t\t<h2 class=\"elementor-heading-title elementor-size-default\">Schmidt Groupe Academy<\/h2>\t\t<\/div>\n\t\t\t\t<\/div>\n\t\t<div class=\"elementor-element elementor-element-305b3c0 e-con-full e-flex e-con e-child\" data-id=\"305b3c0\" data-element_type=\"container\" data-settings=\"{&quot;content_width&quot;:&quot;full&quot;,&quot;background_background&quot;:&quot;classic&quot;,&quot;container_type&quot;:&quot;flex&quot;}\">\n\t\t\t\t<div class=\"elementor-element elementor-element-09420ce elementor-widget__width-initial elementor-widget elementor-widget-text-editor\" data-id=\"09420ce\" data-element_type=\"widget\" data-widget_type=\"text-editor.default\">\n\t\t\t\t<div class=\"elementor-widget-container\">\n\t\t\t<style>\/*! elementor - v3.17.0 - 08-11-2023 *\/\n.elementor-widget-text-editor.elementor-drop-cap-view-stacked .elementor-drop-cap{background-color:#69727d;color:#fff}.elementor-widget-text-editor.elementor-drop-cap-view-framed .elementor-drop-cap{color:#69727d;border:3px solid;background-color:transparent}.elementor-widget-text-editor:not(.elementor-drop-cap-view-default) .elementor-drop-cap{margin-top:8px}.elementor-widget-text-editor:not(.elementor-drop-cap-view-default) .elementor-drop-cap-letter{width:1em;height:1em}.elementor-widget-text-editor .elementor-drop-cap{float:left;text-align:center;line-height:1;font-size:50px}.elementor-widget-text-editor .elementor-drop-cap-letter{display:inline-block}<\/style>\t\t\t\t<p>Unser Schulungszentrum mit dem Namen &#8222;Schmidt Groupe Academy&#8220; z\u00e4hlt 120.000 Schulungsstunden, die im Jahr 2023 an mehr als 2.000 Auszubildende weitergegeben wurden! Mit ihren renovierten R\u00e4umen und ihrem erneuerten Ausbilderteam verhilft die Schmidt Groupe Academy den Teams des Schmidt- und Cuisinella-Netzes zu mehr Kompetenz im Dienste des Gesch\u00e4fts.<\/p>\n\t\t\t\t\t\t<\/div>\n\t\t\t\t<\/div>\n\t\t\t\t<\/div>\n\t\t\t\t<div class=\"elementor-element elementor-element-132d813 elementor-widget__width-initial elementor-widget elementor-widget-text-editor\" data-id=\"132d813\" data-element_type=\"widget\" data-widget_type=\"text-editor.default\">\n\t\t\t\t<div class=\"elementor-widget-container\">\n\t\t\t\t\t\t\t<p><strong>Qualiopi und Homologation: ein Garant f\u00fcr Qualit\u00e4t<\/strong><\/p>\n<p>2023 ist gepr\u00e4gt von der Qualiopi-Erneuerung und der Homologation der M\u00f6belbranche. Die Qualiopi-Zertifizierung best\u00e4tigt die Qualit\u00e4t der Prozesse und der vermittelten Ausbildungswege. Die Zulassung der Branche (FNAEM) tr\u00e4gt ihrerseits dazu bei, den Beruf des Designers, Verk\u00e4ufers und Handelsmanagers zu professionalisieren, indem sie ein berufsqualifizierendes Zertifikat anbietet. Dies ist ein doppelter Schl\u00fcsselfaktor, um neue Gesch\u00e4fte f\u00fcr die Ausbildung zu gewinnen und die Mitarbeiter an das Unternehmen zu binden.<\/p>\n<p><strong>Ausbildung und Gesch\u00e4ft: eng miteinander verbundene Begriffe<\/strong><\/p>\n<p>Die Verkaufsdesigner, die den von der Schmidt Groupe Academy vermittelten CQP absolviert haben, verkaufen mehr und besser. Im Durchschnitt ist bei einem Verk\u00e4ufer, der den gesamten Kurs absolviert hat, im Vergleich zu einem nicht ausgebildeten Verk\u00e4ufer Folgendes festzustellen:<\/p>\n<ul>\n<li>+44 % mehr Umsatz<\/li>\n<li>doppelt so viele Verk\u00e4ufe<\/li>\n<li>+5% h\u00f6here Abschlussquote<\/li>\n<\/ul>\n<p>Die Schulung macht also f\u00fcr das Gesch\u00e4ft, den Designer\/Verk\u00e4ufer und die Schmidt Groupe Sinn. Eine gewinnbringende Kombo im Dienste des Menschen und des Gesch\u00e4fts.<\/p>\n\t\t\t\t\t\t<\/div>\n\t\t\t\t<\/div>\n\t\t\t\t<div class=\"elementor-element elementor-element-cf0b0eb elementor-widget__width-initial elementor-skin-carousel elementor-arrows-yes elementor-pagination-type-bullets elementor-pagination-position-outside elementor-widget elementor-widget-media-carousel\" data-id=\"cf0b0eb\" data-element_type=\"widget\" data-settings=\"{&quot;skin&quot;:&quot;carousel&quot;,&quot;effect&quot;:&quot;slide&quot;,&quot;show_arrows&quot;:&quot;yes&quot;,&quot;pagination&quot;:&quot;bullets&quot;,&quot;speed&quot;:500,&quot;autoplay&quot;:&quot;yes&quot;,&quot;autoplay_speed&quot;:5000,&quot;loop&quot;:&quot;yes&quot;,&quot;pause_on_hover&quot;:&quot;yes&quot;,&quot;pause_on_interaction&quot;:&quot;yes&quot;,&quot;space_between&quot;:{&quot;unit&quot;:&quot;px&quot;,&quot;size&quot;:10,&quot;sizes&quot;:[]},&quot;space_between_tablet&quot;:{&quot;unit&quot;:&quot;px&quot;,&quot;size&quot;:10,&quot;sizes&quot;:[]},&quot;space_between_mobile&quot;:{&quot;unit&quot;:&quot;px&quot;,&quot;size&quot;:10,&quot;sizes&quot;:[]}}\" data-widget_type=\"media-carousel.default\">\n\t\t\t\t<div class=\"elementor-widget-container\">\n\t\t\t<link rel=\"stylesheet\" href=\"https:\/\/rapports.groupe.schmidt\/assets\/plugins\/elementor-pro\/assets\/css\/widget-carousel.min.css\">\t\t<div class=\"elementor-swiper\">\n\t\t\t<div class=\"elementor-main-swiper swiper\">\n\t\t\t\t<div class=\"swiper-wrapper\">\n\t\t\t\t\t\t\t\t\t\t\t<div class=\"swiper-slide\">\n\t\t\t\t\t\t\t\t\t<div class=\"elementor-carousel-image\" role=\"img\" aria-label=\"4A3A8607\" style=\"background-image: url(&#039;https:\/\/rapports.groupe.schmidt\/assets\/uploads\/2023\/12\/4A3A8607.jpg&#039;)\">\n\n\t\t\t\n\t\t\t\t\t<\/div>\n\t\t\t\t\t\t\t\t<\/div>\n\t\t\t\t\t\t\t\t\t\t\t<div class=\"swiper-slide\">\n\t\t\t\t\t\t\t\t\t<div class=\"elementor-carousel-image\" role=\"img\" aria-label=\"4A3A8445\" style=\"background-image: url(&#039;https:\/\/rapports.groupe.schmidt\/assets\/uploads\/2023\/12\/4A3A8445.jpg&#039;)\">\n\n\t\t\t\n\t\t\t\t\t<\/div>\n\t\t\t\t\t\t\t\t<\/div>\n\t\t\t\t\t\t\t\t\t\t\t<div class=\"swiper-slide\">\n\t\t\t\t\t\t\t\t\t<div class=\"elementor-carousel-image\" role=\"img\" aria-label=\"4A3A8480\" style=\"background-image: url(&#039;https:\/\/rapports.groupe.schmidt\/assets\/uploads\/2023\/12\/4A3A8480.jpg&#039;)\">\n\n\t\t\t\n\t\t\t\t\t<\/div>\n\t\t\t\t\t\t\t\t<\/div>\n\t\t\t\t\t\t\t\t\t\t\t<div class=\"swiper-slide\">\n\t\t\t\t\t\t\t\t\t<div class=\"elementor-carousel-image\" role=\"img\" aria-label=\"4A3A8577\" style=\"background-image: url(&#039;https:\/\/rapports.groupe.schmidt\/assets\/uploads\/2023\/12\/4A3A8577.jpg&#039;)\">\n\n\t\t\t\n\t\t\t\t\t<\/div>\n\t\t\t\t\t\t\t\t<\/div>\n\t\t\t\t\t\t\t\t\t\t\t<div class=\"swiper-slide\">\n\t\t\t\t\t\t\t\t\t<div class=\"elementor-carousel-image\" role=\"img\" aria-label=\"4A3A8373\" style=\"background-image: url(&#039;https:\/\/rapports.groupe.schmidt\/assets\/uploads\/2023\/12\/4A3A8373.jpg&#039;)\">\n\n\t\t\t\n\t\t\t\t\t<\/div>\n\t\t\t\t\t\t\t\t<\/div>\n\t\t\t\t\t\t\t\t\t\t\t<div class=\"swiper-slide\">\n\t\t\t\t\t\t\t\t\t<div class=\"elementor-carousel-image\" role=\"img\" aria-label=\"work caf\u00e9\" style=\"background-image: url(&#039;https:\/\/rapports.groupe.schmidt\/assets\/uploads\/2023\/12\/4A3A8255.jpg&#039;)\">\n\n\t\t\t\n\t\t\t\t\t<\/div>\n\t\t\t\t\t\t\t\t<\/div>\n\t\t\t\t\t\t\t\t\t<\/div>\n\t\t\t\t\t\t\t\t\t\t\t\t\t\t\t<div class=\"swiper-pagination\"><\/div>\n\t\t\t\t\t\t\t\t\t\t\t\t\t\t\t\t<div class=\"elementor-swiper-button elementor-swiper-button-prev\" role=\"button\" tabindex=\"0\">\n\t\t\t\t\t\t\t<svg aria-hidden=\"true\" class=\"e-font-icon-svg e-eicon-chevron-left\" viewBox=\"0 0 1000 1000\" xmlns=\"http:\/\/www.w3.org\/2000\/svg\"><path d=\"M646 125C629 125 613 133 604 142L308 442C296 454 292 471 292 487 292 504 296 521 308 533L604 854C617 867 629 875 646 875 663 875 679 871 692 858 704 846 713 829 713 812 713 796 708 779 692 767L438 487 692 225C700 217 708 204 708 187 708 171 704 154 692 142 675 129 663 125 646 125Z\"><\/path><\/svg>\t\t\t\t\t\t\t<span class=\"elementor-screen-only\">Voriger<\/span>\n\t\t\t\t\t\t<\/div>\n\t\t\t\t\t\t<div class=\"elementor-swiper-button elementor-swiper-button-next\" role=\"button\" tabindex=\"0\">\n\t\t\t\t\t\t\t<svg aria-hidden=\"true\" class=\"e-font-icon-svg e-eicon-chevron-right\" viewBox=\"0 0 1000 1000\" xmlns=\"http:\/\/www.w3.org\/2000\/svg\"><path d=\"M696 533C708 521 713 504 713 487 713 471 708 454 696 446L400 146C388 133 375 125 354 125 338 125 325 129 313 142 300 154 292 171 292 187 292 204 296 221 308 233L563 492 304 771C292 783 288 800 288 817 288 833 296 850 308 863 321 871 338 875 354 875 371 875 388 867 400 854L696 533Z\"><\/path><\/svg>\t\t\t\t\t\t\t<span class=\"elementor-screen-only\">N\u00e4chster<\/span>\n\t\t\t\t\t\t<\/div>\n\t\t\t\t\t\t\t\t\t\t\t\t<\/div>\n\t\t<\/div>\n\t\t\t\t<\/div>\n\t\t\t\t<\/div>\n\t\t\t\t<\/div>\n\t\t\t\t<\/div>\n\t\t\t\t\t\t\t<\/div>\n\t\t","protected":false},"excerpt":{"rendered":"<p>People Strategie 2023 Die Frauen und M\u00e4nner unseres erweiterten Unternehmens wurden das ganze Jahr \u00fcber zu zentralen HR-Themen mobilisiert. Neben der Sicherheit, die an erster Stelle unserer Priorit\u00e4ten steht, wurden zahlreiche Ma\u00dfnahmen im Dienste der Menschen umgesetzt: Umgestaltung unserer Arbeitsr\u00e4ume und unserer Zusammenarbeitsformen, Verankerung unserer Werte, Ma\u00dfnahmen zur Unterst\u00fctzung der Kaufkraft der Mitarbeiter&#8230; Mit der [&hellip;]<\/p>\n","protected":false},"author":11,"featured_media":0,"parent":11775,"menu_order":0,"comment_status":"closed","ping_status":"closed","template":"","meta":{"footnotes":""},"class_list":["post-12254","page","type-page","status-publish","hentry","entry"],"yoast_head":"<!-- This site is optimized with the Yoast SEO plugin v21.5 - https:\/\/yoast.com\/wordpress\/plugins\/seo\/ -->\n<title>Schmidt Groupe Academy - Rapport 2023 Schmidt Groupe<\/title>\n<meta name=\"robots\" content=\"noindex, follow, max-snippet:-1, max-image-preview:large, max-video-preview:-1\" \/>\n<meta property=\"og:locale\" content=\"de_DE\" \/>\n<meta property=\"og:type\" content=\"article\" \/>\n<meta property=\"og:title\" content=\"Schmidt Groupe Academy - Rapport 2023 Schmidt Groupe\" \/>\n<meta property=\"og:description\" content=\"People Strategie 2023 Die Frauen und M\u00e4nner unseres erweiterten Unternehmens wurden das ganze Jahr \u00fcber zu zentralen HR-Themen mobilisiert. Neben der Sicherheit, die an erster Stelle unserer Priorit\u00e4ten steht, wurden zahlreiche Ma\u00dfnahmen im Dienste der Menschen umgesetzt: Umgestaltung unserer Arbeitsr\u00e4ume und unserer Zusammenarbeitsformen, Verankerung unserer Werte, Ma\u00dfnahmen zur Unterst\u00fctzung der Kaufkraft der Mitarbeiter&#8230; Mit der [&hellip;]\" \/>\n<meta property=\"og:url\" content=\"https:\/\/rapports.groupe.schmidt\/de\/2023-2\/people\/schmidt-groupe-academy\/\" \/>\n<meta property=\"og:site_name\" content=\"Rapport 2023 Schmidt Groupe\" \/>\n<meta property=\"article:modified_time\" content=\"2024-03-19T08:49:44+00:00\" \/>\n<meta name=\"twitter:card\" content=\"summary_large_image\" \/>\n<meta name=\"twitter:label1\" content=\"Gesch\u00e4tzte Lesezeit\" \/>\n\t<meta name=\"twitter:data1\" content=\"2\u00a0Minuten\" \/>\n<script type=\"application\/ld+json\" class=\"yoast-schema-graph\">{\"@context\":\"https:\/\/schema.org\",\"@graph\":[{\"@type\":\"WebPage\",\"@id\":\"https:\/\/rapports.groupe.schmidt\/de\/2023-2\/people\/schmidt-groupe-academy\/\",\"url\":\"https:\/\/rapports.groupe.schmidt\/de\/2023-2\/people\/schmidt-groupe-academy\/\",\"name\":\"Schmidt Groupe Academy - Rapport 2023 Schmidt Groupe\",\"isPartOf\":{\"@id\":\"https:\/\/rapports.groupe.schmidt\/de\/#website\"},\"datePublished\":\"2023-11-30T11:25:24+00:00\",\"dateModified\":\"2024-03-19T08:49:44+00:00\",\"breadcrumb\":{\"@id\":\"https:\/\/rapports.groupe.schmidt\/de\/2023-2\/people\/schmidt-groupe-academy\/#breadcrumb\"},\"inLanguage\":\"de\",\"potentialAction\":[{\"@type\":\"ReadAction\",\"target\":[\"https:\/\/rapports.groupe.schmidt\/de\/2023-2\/people\/schmidt-groupe-academy\/\"]}]},{\"@type\":\"BreadcrumbList\",\"@id\":\"https:\/\/rapports.groupe.schmidt\/de\/2023-2\/people\/schmidt-groupe-academy\/#breadcrumb\",\"itemListElement\":[{\"@type\":\"ListItem\",\"position\":1,\"name\":\"2023\",\"item\":\"https:\/\/rapports.groupe.schmidt\/de\/\"},{\"@type\":\"ListItem\",\"position\":2,\"name\":\"People\",\"item\":\"https:\/\/rapports.groupe.schmidt\/de\/people\/\"},{\"@type\":\"ListItem\",\"position\":3,\"name\":\"Schmidt Groupe Academy\"}]},{\"@type\":\"WebSite\",\"@id\":\"https:\/\/rapports.groupe.schmidt\/de\/#website\",\"url\":\"https:\/\/rapports.groupe.schmidt\/de\/\",\"name\":\"Rapport 2023 Schmidt Groupe\",\"description\":\"\",\"publisher\":{\"@id\":\"https:\/\/rapports.groupe.schmidt\/de\/#organization\"},\"potentialAction\":[{\"@type\":\"SearchAction\",\"target\":{\"@type\":\"EntryPoint\",\"urlTemplate\":\"https:\/\/rapports.groupe.schmidt\/de\/?s={search_term_string}\"},\"query-input\":\"required name=search_term_string\"}],\"inLanguage\":\"de\"},{\"@type\":\"Organization\",\"@id\":\"https:\/\/rapports.groupe.schmidt\/de\/#organization\",\"name\":\"Rapport 2023 Schmidt Groupe\",\"url\":\"https:\/\/rapports.groupe.schmidt\/de\/\",\"logo\":{\"@type\":\"ImageObject\",\"inLanguage\":\"de\",\"@id\":\"https:\/\/rapports.groupe.schmidt\/de\/#\/schema\/logo\/image\/\",\"url\":\"https:\/\/rapports.groupe.schmidt\/assets\/uploads\/2023\/01\/schmidt_logo.svg\",\"contentUrl\":\"https:\/\/rapports.groupe.schmidt\/assets\/uploads\/2023\/01\/schmidt_logo.svg\",\"caption\":\"Rapport 2023 Schmidt Groupe\"},\"image\":{\"@id\":\"https:\/\/rapports.groupe.schmidt\/de\/#\/schema\/logo\/image\/\"}}]}<\/script>\n<!-- \/ Yoast SEO plugin. -->","yoast_head_json":{"title":"Schmidt Groupe Academy - Rapport 2023 Schmidt Groupe","robots":{"index":"noindex","follow":"follow","max-snippet":"max-snippet:-1","max-image-preview":"max-image-preview:large","max-video-preview":"max-video-preview:-1"},"og_locale":"de_DE","og_type":"article","og_title":"Schmidt Groupe Academy - Rapport 2023 Schmidt Groupe","og_description":"People Strategie 2023 Die Frauen und M\u00e4nner unseres erweiterten Unternehmens wurden das ganze Jahr \u00fcber zu zentralen HR-Themen mobilisiert. Neben der Sicherheit, die an erster Stelle unserer Priorit\u00e4ten steht, wurden zahlreiche Ma\u00dfnahmen im Dienste der Menschen umgesetzt: Umgestaltung unserer Arbeitsr\u00e4ume und unserer Zusammenarbeitsformen, Verankerung unserer Werte, Ma\u00dfnahmen zur Unterst\u00fctzung der Kaufkraft der Mitarbeiter&#8230; Mit der [&hellip;]","og_url":"https:\/\/rapports.groupe.schmidt\/de\/2023-2\/people\/schmidt-groupe-academy\/","og_site_name":"Rapport 2023 Schmidt Groupe","article_modified_time":"2024-03-19T08:49:44+00:00","twitter_card":"summary_large_image","twitter_misc":{"Gesch\u00e4tzte Lesezeit":"2\u00a0Minuten"},"schema":{"@context":"https:\/\/schema.org","@graph":[{"@type":"WebPage","@id":"https:\/\/rapports.groupe.schmidt\/de\/2023-2\/people\/schmidt-groupe-academy\/","url":"https:\/\/rapports.groupe.schmidt\/de\/2023-2\/people\/schmidt-groupe-academy\/","name":"Schmidt Groupe Academy - Rapport 2023 Schmidt Groupe","isPartOf":{"@id":"https:\/\/rapports.groupe.schmidt\/de\/#website"},"datePublished":"2023-11-30T11:25:24+00:00","dateModified":"2024-03-19T08:49:44+00:00","breadcrumb":{"@id":"https:\/\/rapports.groupe.schmidt\/de\/2023-2\/people\/schmidt-groupe-academy\/#breadcrumb"},"inLanguage":"de","potentialAction":[{"@type":"ReadAction","target":["https:\/\/rapports.groupe.schmidt\/de\/2023-2\/people\/schmidt-groupe-academy\/"]}]},{"@type":"BreadcrumbList","@id":"https:\/\/rapports.groupe.schmidt\/de\/2023-2\/people\/schmidt-groupe-academy\/#breadcrumb","itemListElement":[{"@type":"ListItem","position":1,"name":"2023","item":"https:\/\/rapports.groupe.schmidt\/de\/"},{"@type":"ListItem","position":2,"name":"People","item":"https:\/\/rapports.groupe.schmidt\/de\/people\/"},{"@type":"ListItem","position":3,"name":"Schmidt Groupe Academy"}]},{"@type":"WebSite","@id":"https:\/\/rapports.groupe.schmidt\/de\/#website","url":"https:\/\/rapports.groupe.schmidt\/de\/","name":"Rapport 2023 Schmidt Groupe","description":"","publisher":{"@id":"https:\/\/rapports.groupe.schmidt\/de\/#organization"},"potentialAction":[{"@type":"SearchAction","target":{"@type":"EntryPoint","urlTemplate":"https:\/\/rapports.groupe.schmidt\/de\/?s={search_term_string}"},"query-input":"required name=search_term_string"}],"inLanguage":"de"},{"@type":"Organization","@id":"https:\/\/rapports.groupe.schmidt\/de\/#organization","name":"Rapport 2023 Schmidt Groupe","url":"https:\/\/rapports.groupe.schmidt\/de\/","logo":{"@type":"ImageObject","inLanguage":"de","@id":"https:\/\/rapports.groupe.schmidt\/de\/#\/schema\/logo\/image\/","url":"https:\/\/rapports.groupe.schmidt\/assets\/uploads\/2023\/01\/schmidt_logo.svg","contentUrl":"https:\/\/rapports.groupe.schmidt\/assets\/uploads\/2023\/01\/schmidt_logo.svg","caption":"Rapport 2023 Schmidt Groupe"},"image":{"@id":"https:\/\/rapports.groupe.schmidt\/de\/#\/schema\/logo\/image\/"}}]}},"_links":{"self":[{"href":"https:\/\/rapports.groupe.schmidt\/de\/wp-json\/wp\/v2\/pages\/12254","targetHints":{"allow":["GET"]}}],"collection":[{"href":"https:\/\/rapports.groupe.schmidt\/de\/wp-json\/wp\/v2\/pages"}],"about":[{"href":"https:\/\/rapports.groupe.schmidt\/de\/wp-json\/wp\/v2\/types\/page"}],"author":[{"embeddable":true,"href":"https:\/\/rapports.groupe.schmidt\/de\/wp-json\/wp\/v2\/users\/11"}],"replies":[{"embeddable":true,"href":"https:\/\/rapports.groupe.schmidt\/de\/wp-json\/wp\/v2\/comments?post=12254"}],"version-history":[{"count":4,"href":"https:\/\/rapports.groupe.schmidt\/de\/wp-json\/wp\/v2\/pages\/12254\/revisions"}],"predecessor-version":[{"id":12948,"href":"https:\/\/rapports.groupe.schmidt\/de\/wp-json\/wp\/v2\/pages\/12254\/revisions\/12948"}],"up":[{"embeddable":true,"href":"https:\/\/rapports.groupe.schmidt\/de\/wp-json\/wp\/v2\/pages\/11775"}],"wp:attachment":[{"href":"https:\/\/rapports.groupe.schmidt\/de\/wp-json\/wp\/v2\/media?parent=12254"}],"curies":[{"name":"wp","href":"https:\/\/api.w.org\/{rel}","templated":true}]}}