{"id":11987,"date":"2023-11-30T12:14:35","date_gmt":"2023-11-30T11:14:35","guid":{"rendered":"https:\/\/rapports.groupe.schmidt\/2023-2\/impact\/entkarbonisierung\/"},"modified":"2024-03-19T09:55:10","modified_gmt":"2024-03-19T08:55:10","slug":"entkarbonisierung","status":"publish","type":"page","link":"https:\/\/rapports.groupe.schmidt\/de\/2023-2\/impact\/entkarbonisierung\/","title":{"rendered":"Dekarbonisierung"},"content":{"rendered":"\t\t<div data-elementor-type=\"wp-page\" data-elementor-id=\"11987\" class=\"elementor elementor-11987 elementor-9366\" data-elementor-post-type=\"page\">\n\t\t\t\t\t\t\t<div class=\"elementor-element elementor-element-2e9e86d6 e-con-full e-flex e-con e-parent\" data-id=\"2e9e86d6\" data-element_type=\"container\" data-settings=\"{&quot;content_width&quot;:&quot;full&quot;,&quot;container_type&quot;:&quot;flex&quot;}\" data-core-v316-plus=\"true\">\n\t\t<div class=\"elementor-element elementor-element-14a22b13 e-con-full e-flex e-con e-child\" data-id=\"14a22b13\" data-element_type=\"container\" data-settings=\"{&quot;background_background&quot;:&quot;slideshow&quot;,&quot;background_slideshow_gallery&quot;:[{&quot;id&quot;:11073,&quot;url&quot;:&quot;https:\\\/\\\/rapports.groupe.schmidt\\\/assets\\\/uploads\\\/2024\\\/01\\\/1-CF002566-1.jpg&quot;}],&quot;content_width&quot;:&quot;full&quot;,&quot;container_type&quot;:&quot;flex&quot;,&quot;background_slideshow_loop&quot;:&quot;yes&quot;,&quot;background_slideshow_slide_duration&quot;:5000,&quot;background_slideshow_slide_transition&quot;:&quot;fade&quot;,&quot;background_slideshow_transition_duration&quot;:500}\">\n\t\t\t\t<\/div>\n\t\t\t\t<\/div>\n\t\t<div class=\"elementor-element elementor-element-36673bce e-con-full e-flex e-con e-parent\" data-id=\"36673bce\" data-element_type=\"container\" data-settings=\"{&quot;background_background&quot;:&quot;classic&quot;,&quot;content_width&quot;:&quot;full&quot;,&quot;container_type&quot;:&quot;flex&quot;}\" data-core-v316-plus=\"true\">\n\t\t<div class=\"elementor-element elementor-element-335dd5b4 e-con-full e-flex e-con e-child\" data-id=\"335dd5b4\" data-element_type=\"container\" data-settings=\"{&quot;content_width&quot;:&quot;full&quot;,&quot;background_background&quot;:&quot;classic&quot;,&quot;container_type&quot;:&quot;flex&quot;}\">\n\t\t<div class=\"elementor-element elementor-element-2387282 e-flex e-con-boxed e-con e-child\" data-id=\"2387282\" data-element_type=\"container\" data-settings=\"{&quot;container_type&quot;:&quot;flex&quot;,&quot;content_width&quot;:&quot;boxed&quot;}\">\n\t\t\t\t\t<div class=\"e-con-inner\">\n\t\t\t\t<div class=\"elementor-element elementor-element-04bfeec elementor-widget elementor-widget-heading\" data-id=\"04bfeec\" data-element_type=\"widget\" data-widget_type=\"heading.default\">\n\t\t\t\t<div class=\"elementor-widget-container\">\n\t\t\t<style>\/*! elementor - v3.17.0 - 08-11-2023 *\/\n.elementor-heading-title{padding:0;margin:0;line-height:1}.elementor-widget-heading .elementor-heading-title[class*=elementor-size-]>a{color:inherit;font-size:inherit;line-height:inherit}.elementor-widget-heading .elementor-heading-title.elementor-size-small{font-size:15px}.elementor-widget-heading .elementor-heading-title.elementor-size-medium{font-size:19px}.elementor-widget-heading .elementor-heading-title.elementor-size-large{font-size:29px}.elementor-widget-heading .elementor-heading-title.elementor-size-xl{font-size:39px}.elementor-widget-heading .elementor-heading-title.elementor-size-xxl{font-size:59px}<\/style><h2 class=\"elementor-heading-title elementor-size-default\">impact<\/h2>\t\t<\/div>\n\t\t\t\t<\/div>\n\t\t\t\t\t<\/div>\n\t\t\t\t<\/div>\n\t\t\t\t<div class=\"elementor-element elementor-element-3b5082d elementor-vertical-align-top elementor-invisible elementor-widget elementor-widget-icon-box\" data-id=\"3b5082d\" data-element_type=\"widget\" data-settings=\"{&quot;_animation&quot;:&quot;fadeIn&quot;,&quot;_animation_delay&quot;:&quot;0&quot;}\" data-widget_type=\"icon-box.default\">\n\t\t\t\t<div class=\"elementor-widget-container\">\n\t\t\t<link rel=\"stylesheet\" href=\"https:\/\/rapports.groupe.schmidt\/assets\/plugins\/elementor\/assets\/css\/widget-icon-box.min.css\">\t\t<div class=\"elementor-icon-box-wrapper\">\n\t\t\t\t\t\t<div class=\"elementor-icon-box-content\">\n\t\t\t\t<h3 class=\"elementor-icon-box-title\">\n\t\t\t\t\t<span  >\n\t\t\t\t\t\tStrategie 2023\t\t\t\t\t<\/span>\n\t\t\t\t<\/h3>\n\t\t\t\t\t\t\t\t\t<p class=\"elementor-icon-box-description\">\n\t\t\t\t\t\t2023 wurde ein ehrgeiziger und einflussreicher Prozess abgeschlossen: Unser Unternehmen wurde als B Corp. zertifiziert. Diese Auszeichnung ist ein Beweis f\u00fcr unser Engagement und best\u00e4tigt unsere verschiedenen konkreten Entscheidungen f\u00fcr eine bessere Welt. Im Einklang mit unserem Ziel, Europas f\u00fchrender Wirtschaftsbetrieb zu werden, der f\u00fcr seine positiven Auswirkungen auf die Gesellschaft und die Umwelt anerkannt ist, haben wir unsere Ma\u00dfnahmen mit positiven Auswirkungen auf alle unsere CSR-S\u00e4ulen beschleunigt: Planet, Mitarbeiter, Kunden und die Gemeinschaft.\t\t\t\t\t<\/p>\n\t\t\t\t\t\t\t<\/div>\n\t\t<\/div>\n\t\t\t\t<\/div>\n\t\t\t\t<\/div>\n\t\t\t\t<div class=\"elementor-element elementor-element-56395dd0 elementor-vertical-align-middle animated-slow elementor-invisible elementor-widget elementor-widget-icon-box\" data-id=\"56395dd0\" data-element_type=\"widget\" data-settings=\"{&quot;_animation&quot;:&quot;fadeIn&quot;,&quot;_animation_delay&quot;:&quot;200&quot;}\" data-widget_type=\"icon-box.default\">\n\t\t\t\t<div class=\"elementor-widget-container\">\n\t\t\t\t\t<div class=\"elementor-icon-box-wrapper\">\n\t\t\t\t\t\t<div class=\"elementor-icon-box-content\">\n\t\t\t\t<h3 class=\"elementor-icon-box-title\">\n\t\t\t\t\t<span  >\n\t\t\t\t\t\tZielsetzungen 2024\t\t\t\t\t<\/span>\n\t\t\t\t<\/h3>\n\t\t\t\t\t\t\t\t\t<p class=\"elementor-icon-box-description\">\n\t\t\t\t\t\tDieses Jahr wird eine echte Beschleunigung f\u00fcr die soziale Verantwortung der Schmidt Groupe darstellen. Nachhaltige Entwicklung muss unser wichtigstes Kriterium f\u00fcr unsere Unternehmensstrategie werden, und wir wollen unseren Erfolg nicht nur am Umsatz, sondern auch an gl\u00fccklichen Kunden, erf\u00fcllten Mitarbeitern und positiven Auswirkungen messen. Gest\u00fctzt auf unsere B Corp-Zertifizierung als konkreten Beweis f\u00fcr unser Engagement sind wir auf dem Weg, unser Modell im Dienste des besseren Zusammenlebens neu zu verzaubern!\t\t\t\t\t<\/p>\n\t\t\t\t\t\t\t<\/div>\n\t\t<\/div>\n\t\t\t\t<\/div>\n\t\t\t\t<\/div>\n\t\t\t\t<\/div>\n\t\t<div class=\"elementor-element elementor-element-484ec615 e-con-full e-flex e-con e-child\" data-id=\"484ec615\" data-element_type=\"container\" data-settings=\"{&quot;background_background&quot;:&quot;classic&quot;,&quot;content_width&quot;:&quot;full&quot;,&quot;container_type&quot;:&quot;flex&quot;}\">\n\t\t\t\t<div class=\"elementor-element elementor-element-320d8a4c elementor-widget elementor-widget-heading\" data-id=\"320d8a4c\" data-element_type=\"widget\" data-widget_type=\"heading.default\">\n\t\t\t\t<div class=\"elementor-widget-container\">\n\t\t\t<h2 class=\"elementor-heading-title elementor-size-default\">HANDELN F\u00dcR DIE DEKARBONISIERUNG<\/h2>\t\t<\/div>\n\t\t\t\t<\/div>\n\t\t<div class=\"elementor-element elementor-element-bdde806 e-con-full e-flex e-con e-child\" data-id=\"bdde806\" data-element_type=\"container\" data-settings=\"{&quot;content_width&quot;:&quot;full&quot;,&quot;background_background&quot;:&quot;classic&quot;,&quot;container_type&quot;:&quot;flex&quot;}\">\n\t\t<div class=\"elementor-element elementor-element-3075b8d e-flex e-con-boxed e-con e-child\" data-id=\"3075b8d\" data-element_type=\"container\" data-settings=\"{&quot;container_type&quot;:&quot;flex&quot;,&quot;content_width&quot;:&quot;boxed&quot;}\">\n\t\t\t\t\t<div class=\"e-con-inner\">\n\t\t\t\t<div class=\"elementor-element elementor-element-9af4d56 elementor-widget__width-initial elementor-widget elementor-widget-text-editor\" data-id=\"9af4d56\" data-element_type=\"widget\" data-widget_type=\"text-editor.default\">\n\t\t\t\t<div class=\"elementor-widget-container\">\n\t\t\t<style>\/*! elementor - v3.17.0 - 08-11-2023 *\/\n.elementor-widget-text-editor.elementor-drop-cap-view-stacked .elementor-drop-cap{background-color:#69727d;color:#fff}.elementor-widget-text-editor.elementor-drop-cap-view-framed .elementor-drop-cap{color:#69727d;border:3px solid;background-color:transparent}.elementor-widget-text-editor:not(.elementor-drop-cap-view-default) .elementor-drop-cap{margin-top:8px}.elementor-widget-text-editor:not(.elementor-drop-cap-view-default) .elementor-drop-cap-letter{width:1em;height:1em}.elementor-widget-text-editor .elementor-drop-cap{float:left;text-align:center;line-height:1;font-size:50px}.elementor-widget-text-editor .elementor-drop-cap-letter{display:inline-block}<\/style>\t\t\t\t<p>Die Schmidt Groupe setzt sich f\u00fcr die Vermeidung und Reduzierung ihres CO2-Fu\u00dfabdrucks ein. Diese Dekarbonisierung konzentriert sich auf drei Arbeitsbereiche: Transport, Energie und \u00d6kodesign. Nach einem internen Audit und der Identifizierung zahlreicher Hebel zur Dekarbonisierung im Jahr 2022 schreitet die Schmidt Groupe zur Tat. Begleitet und beraten von seinem Partner WWF, arbeitet Schmidt Groupe an der Reduzierung seiner Auswirkungen durch mehrere Baustellen, die von engagierten Teams getragen werden.<\/p>\n\t\t\t\t\t\t<\/div>\n\t\t\t\t<\/div>\n\t\t\t\t\t<\/div>\n\t\t\t\t<\/div>\n\t\t\t\t<\/div>\n\t\t\t\t<div class=\"elementor-element elementor-element-9f25882 elementor-widget__width-initial elementor-widget elementor-widget-text-editor\" data-id=\"9f25882\" data-element_type=\"widget\" data-widget_type=\"text-editor.default\">\n\t\t\t\t<div class=\"elementor-widget-container\">\n\t\t\t\t\t\t\t<ul>\n<li><strong>Transport<\/strong><\/li>\n<\/ul>\n<p>Der Fuhrpark wird umgestellt, um auf 100 % Elektroantrieb hinzuarbeiten. Es werden Tests mit Pendelbussen zwischen den Standorten und internen Maschinen durchgef\u00fchrt, um schl\u00fcssige Ergebnisse zu erzielen und unsere Kohlenstoffemissionen deutlich zu senken. Diese Ma\u00dfnahmen, kombiniert mit einer Zusammenlegung der Transporte Deutschland\/Italien und einer Reduzierung der Lagerbest\u00e4nde an Fronten und Eisenwaren, f\u00fchren zu einer Einsparung von 400 Tonnen CO2 im Jahr 2023.<\/p>\n<ul>\n<li><strong>Energie<\/strong><\/li>\n<\/ul>\n<p>Dank ihres Plans zur Energieeinsparung gelingt es der Schmidt Groupe, ihren Energieverbrauch im Vergleich zum Vorjahr um 10% zu senken. 24% des Gesamtverbrauchs stammen aus erneuerbaren Energien und 25% aus Frankreich. Bessere Steuerung der Luftstr\u00f6me und der Heizung, Installation von Sonnenkollektoren und Entwicklung von LEDs sind einige Beispiele f\u00fcr konkrete Ma\u00dfnahmen, die zur Optimierung unseres Energieverbrauchs durchgef\u00fchrt werden. Es wird dar\u00fcber nachgedacht, mithilfe der bei der Produktion anfallenden S\u00e4gesp\u00e4ne Biogas zu erzeugen, um unsere Dekarbonisierung weiter voranzutreiben.<\/p>\n<ul>\n<li><strong>\u00d6kodesign<\/strong><\/li>\n<\/ul>\n<p>Die Dekarbonisierung des Designs unserer Produkte ist eine gro\u00dfe Aufgabe. Um dies zu erreichen, wurde 2023 ein erster Schritt mit unseren Lieferanten unternommen, um das CO2-Gewicht unserer Artikel zu bewerten. \u00dcber die von Schmidt und Cuisinella angebotenen Produktreihen aus 100 % Recyclingmaterial hinaus sollen die Kohlenstoffauswirkungen des gesamten Lebenszyklus der Produkte minimiert werden.<\/p>\n\t\t\t\t\t\t<\/div>\n\t\t\t\t<\/div>\n\t\t<div class=\"elementor-element elementor-element-ae6e5b9 e-con-full e-flex e-con e-child\" data-id=\"ae6e5b9\" data-element_type=\"container\" data-settings=\"{&quot;content_width&quot;:&quot;full&quot;,&quot;background_background&quot;:&quot;classic&quot;,&quot;container_type&quot;:&quot;flex&quot;}\">\n\t\t<div class=\"elementor-element elementor-element-2cd1b25 e-con-full e-flex e-con e-child\" data-id=\"2cd1b25\" data-element_type=\"container\" data-settings=\"{&quot;content_width&quot;:&quot;full&quot;,&quot;container_type&quot;:&quot;flex&quot;}\">\n\t\t<div class=\"elementor-element elementor-element-c6d6f88 e-con-full e-flex e-con e-child\" data-id=\"c6d6f88\" data-element_type=\"container\" data-settings=\"{&quot;content_width&quot;:&quot;full&quot;,&quot;container_type&quot;:&quot;flex&quot;}\">\n\t\t\t\t<div class=\"elementor-element elementor-element-536b6b7 elementor-widget elementor-widget-heading\" data-id=\"536b6b7\" data-element_type=\"widget\" data-widget_type=\"heading.default\">\n\t\t\t\t<div class=\"elementor-widget-container\">\n\t\t\t<h2 class=\"elementor-heading-title elementor-size-default\">\u00d6kokreislauf in der Testphase<\/h2>\t\t<\/div>\n\t\t\t\t<\/div>\n\t\t<div class=\"elementor-element elementor-element-ff4efcd e-con-full e-flex e-con e-child\" data-id=\"ff4efcd\" data-element_type=\"container\" data-settings=\"{&quot;content_width&quot;:&quot;full&quot;,&quot;container_type&quot;:&quot;flex&quot;}\">\n\t\t\t\t<div class=\"elementor-element elementor-element-58728de elementor-skin-carousel elementor-arrows-yes elementor-pagination-type-bullets elementor-pagination-position-outside elementor-widget elementor-widget-media-carousel\" data-id=\"58728de\" data-element_type=\"widget\" data-settings=\"{&quot;skin&quot;:&quot;carousel&quot;,&quot;effect&quot;:&quot;slide&quot;,&quot;show_arrows&quot;:&quot;yes&quot;,&quot;pagination&quot;:&quot;bullets&quot;,&quot;speed&quot;:500,&quot;autoplay&quot;:&quot;yes&quot;,&quot;autoplay_speed&quot;:5000,&quot;loop&quot;:&quot;yes&quot;,&quot;pause_on_hover&quot;:&quot;yes&quot;,&quot;pause_on_interaction&quot;:&quot;yes&quot;,&quot;space_between&quot;:{&quot;unit&quot;:&quot;px&quot;,&quot;size&quot;:10,&quot;sizes&quot;:[]},&quot;space_between_tablet&quot;:{&quot;unit&quot;:&quot;px&quot;,&quot;size&quot;:10,&quot;sizes&quot;:[]},&quot;space_between_mobile&quot;:{&quot;unit&quot;:&quot;px&quot;,&quot;size&quot;:10,&quot;sizes&quot;:[]}}\" data-widget_type=\"media-carousel.default\">\n\t\t\t\t<div class=\"elementor-widget-container\">\n\t\t\t<link rel=\"stylesheet\" href=\"https:\/\/rapports.groupe.schmidt\/assets\/plugins\/elementor-pro\/assets\/css\/widget-carousel.min.css\">\t\t<div class=\"elementor-swiper\">\n\t\t\t<div class=\"elementor-main-swiper swiper\">\n\t\t\t\t<div class=\"swiper-wrapper\">\n\t\t\t\t\t\t\t\t\t\t\t<div class=\"swiper-slide\">\n\t\t\t\t\t\t\t\t\t<div class=\"elementor-carousel-image\" role=\"img\" aria-label=\"2024-01-25_08h58_47\" style=\"background-image: url(&#039;https:\/\/rapports.groupe.schmidt\/assets\/uploads\/2024\/01\/2024-01-25_08h58_47.jpg&#039;)\">\n\n\t\t\t\n\t\t\t\t\t<\/div>\n\t\t\t\t\t\t\t\t<\/div>\n\t\t\t\t\t\t\t\t\t\t\t<div class=\"swiper-slide\">\n\t\t\t\t\t\t\t\t\t<div class=\"elementor-carousel-image\" role=\"img\" aria-label=\"2024-01-25_09h00_23\" style=\"background-image: url(&#039;https:\/\/rapports.groupe.schmidt\/assets\/uploads\/2024\/01\/2024-01-25_09h00_23.jpg&#039;)\">\n\n\t\t\t\n\t\t\t\t\t<\/div>\n\t\t\t\t\t\t\t\t<\/div>\n\t\t\t\t\t\t\t\t\t<\/div>\n\t\t\t\t\t\t\t\t\t\t\t\t\t\t\t<div class=\"swiper-pagination\"><\/div>\n\t\t\t\t\t\t\t\t\t\t\t\t\t\t\t\t<div class=\"elementor-swiper-button elementor-swiper-button-prev\" role=\"button\" tabindex=\"0\">\n\t\t\t\t\t\t\t<svg aria-hidden=\"true\" class=\"e-font-icon-svg e-eicon-chevron-left\" viewBox=\"0 0 1000 1000\" xmlns=\"http:\/\/www.w3.org\/2000\/svg\"><path d=\"M646 125C629 125 613 133 604 142L308 442C296 454 292 471 292 487 292 504 296 521 308 533L604 854C617 867 629 875 646 875 663 875 679 871 692 858 704 846 713 829 713 812 713 796 708 779 692 767L438 487 692 225C700 217 708 204 708 187 708 171 704 154 692 142 675 129 663 125 646 125Z\"><\/path><\/svg>\t\t\t\t\t\t\t<span class=\"elementor-screen-only\">Voriger<\/span>\n\t\t\t\t\t\t<\/div>\n\t\t\t\t\t\t<div class=\"elementor-swiper-button elementor-swiper-button-next\" role=\"button\" tabindex=\"0\">\n\t\t\t\t\t\t\t<svg aria-hidden=\"true\" class=\"e-font-icon-svg e-eicon-chevron-right\" viewBox=\"0 0 1000 1000\" xmlns=\"http:\/\/www.w3.org\/2000\/svg\"><path d=\"M696 533C708 521 713 504 713 487 713 471 708 454 696 446L400 146C388 133 375 125 354 125 338 125 325 129 313 142 300 154 292 171 292 187 292 204 296 221 308 233L563 492 304 771C292 783 288 800 288 817 288 833 296 850 308 863 321 871 338 875 354 875 371 875 388 867 400 854L696 533Z\"><\/path><\/svg>\t\t\t\t\t\t\t<span class=\"elementor-screen-only\">N\u00e4chster<\/span>\n\t\t\t\t\t\t<\/div>\n\t\t\t\t\t\t\t\t\t\t\t\t<\/div>\n\t\t<\/div>\n\t\t\t\t<\/div>\n\t\t\t\t<\/div>\n\t\t\t\t<\/div>\n\t\t\t\t<div class=\"elementor-element elementor-element-480db7d elementor-widget__width-initial elementor-widget elementor-widget-text-editor\" data-id=\"480db7d\" data-element_type=\"widget\" data-widget_type=\"text-editor.default\">\n\t\t\t\t<div class=\"elementor-widget-container\">\n\t\t\t\t\t\t\t<p>Was w\u00e4re, wenn wir unseren K\u00fcchen ein zweites Leben geben w\u00fcrden? Wie w\u00e4re es, wenn man alte K\u00fcchen aufbereitet, um daraus neue zu machen? Das ist das Experiment, das die Schmidt Groupe durchf\u00fchrt und das ganz im Sinne der sogenannten Kreislaufwirtschaft steht. Das Ziel: eine K\u00fcche mit m\u00f6glichst geringem Verbrauch von Rohstoffen und Ressourcen herzustellen und dabei m\u00f6glichst viele alte M\u00f6bel zu verwenden. Die erste \u00f6ko-zirkul\u00e4re K\u00fcche der Schmidt Groupe entstand 2023 und die Tests werden fortgesetzt.<\/p>\n\t\t\t\t\t\t<\/div>\n\t\t\t\t<\/div>\n\t\t\t\t<\/div>\n\t\t\t\t<\/div>\n\t\t\t\t<\/div>\n\t\t\t\t<\/div>\n\t\t\t\t<\/div>\n\t\t\t\t\t\t\t<\/div>\n\t\t","protected":false},"excerpt":{"rendered":"<p>impact Strategie 2023 2023 wurde ein ehrgeiziger und einflussreicher Prozess abgeschlossen: Unser Unternehmen wurde als B Corp. zertifiziert. Diese Auszeichnung ist ein Beweis f\u00fcr unser Engagement und best\u00e4tigt unsere verschiedenen konkreten Entscheidungen f\u00fcr eine bessere Welt. Im Einklang mit unserem Ziel, Europas f\u00fchrender Wirtschaftsbetrieb zu werden, der f\u00fcr seine positiven Auswirkungen auf die Gesellschaft und [&hellip;]<\/p>\n","protected":false},"author":11,"featured_media":0,"parent":10794,"menu_order":0,"comment_status":"closed","ping_status":"closed","template":"","meta":{"footnotes":""},"class_list":["post-11987","page","type-page","status-publish","hentry","entry"],"yoast_head":"<!-- This site is optimized with the Yoast SEO plugin v21.5 - https:\/\/yoast.com\/wordpress\/plugins\/seo\/ -->\n<title>Dekarbonisierung - Rapport 2023 Schmidt Groupe<\/title>\n<meta name=\"robots\" content=\"noindex, follow, max-snippet:-1, max-image-preview:large, max-video-preview:-1\" \/>\n<meta property=\"og:locale\" content=\"de_DE\" \/>\n<meta property=\"og:type\" content=\"article\" \/>\n<meta property=\"og:title\" content=\"Dekarbonisierung - Rapport 2023 Schmidt Groupe\" \/>\n<meta property=\"og:description\" content=\"impact Strategie 2023 2023 wurde ein ehrgeiziger und einflussreicher Prozess abgeschlossen: Unser Unternehmen wurde als B Corp. zertifiziert. Diese Auszeichnung ist ein Beweis f\u00fcr unser Engagement und best\u00e4tigt unsere verschiedenen konkreten Entscheidungen f\u00fcr eine bessere Welt. Im Einklang mit unserem Ziel, Europas f\u00fchrender Wirtschaftsbetrieb zu werden, der f\u00fcr seine positiven Auswirkungen auf die Gesellschaft und [&hellip;]\" \/>\n<meta property=\"og:url\" content=\"https:\/\/rapports.groupe.schmidt\/de\/2023-2\/impact\/entkarbonisierung\/\" \/>\n<meta property=\"og:site_name\" content=\"Rapport 2023 Schmidt Groupe\" \/>\n<meta property=\"article:modified_time\" content=\"2024-03-19T08:55:10+00:00\" \/>\n<meta name=\"twitter:card\" content=\"summary_large_image\" \/>\n<meta name=\"twitter:label1\" content=\"Gesch\u00e4tzte Lesezeit\" \/>\n\t<meta name=\"twitter:data1\" content=\"3\u00a0Minuten\" \/>\n<script type=\"application\/ld+json\" class=\"yoast-schema-graph\">{\"@context\":\"https:\/\/schema.org\",\"@graph\":[{\"@type\":\"WebPage\",\"@id\":\"https:\/\/rapports.groupe.schmidt\/de\/2023-2\/impact\/entkarbonisierung\/\",\"url\":\"https:\/\/rapports.groupe.schmidt\/de\/2023-2\/impact\/entkarbonisierung\/\",\"name\":\"Dekarbonisierung - Rapport 2023 Schmidt Groupe\",\"isPartOf\":{\"@id\":\"https:\/\/rapports.groupe.schmidt\/de\/#website\"},\"datePublished\":\"2023-11-30T11:14:35+00:00\",\"dateModified\":\"2024-03-19T08:55:10+00:00\",\"breadcrumb\":{\"@id\":\"https:\/\/rapports.groupe.schmidt\/de\/2023-2\/impact\/entkarbonisierung\/#breadcrumb\"},\"inLanguage\":\"de\",\"potentialAction\":[{\"@type\":\"ReadAction\",\"target\":[\"https:\/\/rapports.groupe.schmidt\/de\/2023-2\/impact\/entkarbonisierung\/\"]}]},{\"@type\":\"BreadcrumbList\",\"@id\":\"https:\/\/rapports.groupe.schmidt\/de\/2023-2\/impact\/entkarbonisierung\/#breadcrumb\",\"itemListElement\":[{\"@type\":\"ListItem\",\"position\":1,\"name\":\"2023\",\"item\":\"https:\/\/rapports.groupe.schmidt\/de\/\"},{\"@type\":\"ListItem\",\"position\":2,\"name\":\"Impact\",\"item\":\"https:\/\/rapports.groupe.schmidt\/de\/impact\/\"},{\"@type\":\"ListItem\",\"position\":3,\"name\":\"Dekarbonisierung\"}]},{\"@type\":\"WebSite\",\"@id\":\"https:\/\/rapports.groupe.schmidt\/de\/#website\",\"url\":\"https:\/\/rapports.groupe.schmidt\/de\/\",\"name\":\"Rapport 2023 Schmidt Groupe\",\"description\":\"\",\"publisher\":{\"@id\":\"https:\/\/rapports.groupe.schmidt\/de\/#organization\"},\"potentialAction\":[{\"@type\":\"SearchAction\",\"target\":{\"@type\":\"EntryPoint\",\"urlTemplate\":\"https:\/\/rapports.groupe.schmidt\/de\/?s={search_term_string}\"},\"query-input\":\"required name=search_term_string\"}],\"inLanguage\":\"de\"},{\"@type\":\"Organization\",\"@id\":\"https:\/\/rapports.groupe.schmidt\/de\/#organization\",\"name\":\"Rapport 2023 Schmidt Groupe\",\"url\":\"https:\/\/rapports.groupe.schmidt\/de\/\",\"logo\":{\"@type\":\"ImageObject\",\"inLanguage\":\"de\",\"@id\":\"https:\/\/rapports.groupe.schmidt\/de\/#\/schema\/logo\/image\/\",\"url\":\"https:\/\/rapports.groupe.schmidt\/assets\/uploads\/2023\/01\/schmidt_logo.svg\",\"contentUrl\":\"https:\/\/rapports.groupe.schmidt\/assets\/uploads\/2023\/01\/schmidt_logo.svg\",\"caption\":\"Rapport 2023 Schmidt Groupe\"},\"image\":{\"@id\":\"https:\/\/rapports.groupe.schmidt\/de\/#\/schema\/logo\/image\/\"}}]}<\/script>\n<!-- \/ Yoast SEO plugin. -->","yoast_head_json":{"title":"Dekarbonisierung - Rapport 2023 Schmidt Groupe","robots":{"index":"noindex","follow":"follow","max-snippet":"max-snippet:-1","max-image-preview":"max-image-preview:large","max-video-preview":"max-video-preview:-1"},"og_locale":"de_DE","og_type":"article","og_title":"Dekarbonisierung - Rapport 2023 Schmidt Groupe","og_description":"impact Strategie 2023 2023 wurde ein ehrgeiziger und einflussreicher Prozess abgeschlossen: Unser Unternehmen wurde als B Corp. zertifiziert. Diese Auszeichnung ist ein Beweis f\u00fcr unser Engagement und best\u00e4tigt unsere verschiedenen konkreten Entscheidungen f\u00fcr eine bessere Welt. Im Einklang mit unserem Ziel, Europas f\u00fchrender Wirtschaftsbetrieb zu werden, der f\u00fcr seine positiven Auswirkungen auf die Gesellschaft und [&hellip;]","og_url":"https:\/\/rapports.groupe.schmidt\/de\/2023-2\/impact\/entkarbonisierung\/","og_site_name":"Rapport 2023 Schmidt Groupe","article_modified_time":"2024-03-19T08:55:10+00:00","twitter_card":"summary_large_image","twitter_misc":{"Gesch\u00e4tzte Lesezeit":"3\u00a0Minuten"},"schema":{"@context":"https:\/\/schema.org","@graph":[{"@type":"WebPage","@id":"https:\/\/rapports.groupe.schmidt\/de\/2023-2\/impact\/entkarbonisierung\/","url":"https:\/\/rapports.groupe.schmidt\/de\/2023-2\/impact\/entkarbonisierung\/","name":"Dekarbonisierung - Rapport 2023 Schmidt Groupe","isPartOf":{"@id":"https:\/\/rapports.groupe.schmidt\/de\/#website"},"datePublished":"2023-11-30T11:14:35+00:00","dateModified":"2024-03-19T08:55:10+00:00","breadcrumb":{"@id":"https:\/\/rapports.groupe.schmidt\/de\/2023-2\/impact\/entkarbonisierung\/#breadcrumb"},"inLanguage":"de","potentialAction":[{"@type":"ReadAction","target":["https:\/\/rapports.groupe.schmidt\/de\/2023-2\/impact\/entkarbonisierung\/"]}]},{"@type":"BreadcrumbList","@id":"https:\/\/rapports.groupe.schmidt\/de\/2023-2\/impact\/entkarbonisierung\/#breadcrumb","itemListElement":[{"@type":"ListItem","position":1,"name":"2023","item":"https:\/\/rapports.groupe.schmidt\/de\/"},{"@type":"ListItem","position":2,"name":"Impact","item":"https:\/\/rapports.groupe.schmidt\/de\/impact\/"},{"@type":"ListItem","position":3,"name":"Dekarbonisierung"}]},{"@type":"WebSite","@id":"https:\/\/rapports.groupe.schmidt\/de\/#website","url":"https:\/\/rapports.groupe.schmidt\/de\/","name":"Rapport 2023 Schmidt Groupe","description":"","publisher":{"@id":"https:\/\/rapports.groupe.schmidt\/de\/#organization"},"potentialAction":[{"@type":"SearchAction","target":{"@type":"EntryPoint","urlTemplate":"https:\/\/rapports.groupe.schmidt\/de\/?s={search_term_string}"},"query-input":"required name=search_term_string"}],"inLanguage":"de"},{"@type":"Organization","@id":"https:\/\/rapports.groupe.schmidt\/de\/#organization","name":"Rapport 2023 Schmidt Groupe","url":"https:\/\/rapports.groupe.schmidt\/de\/","logo":{"@type":"ImageObject","inLanguage":"de","@id":"https:\/\/rapports.groupe.schmidt\/de\/#\/schema\/logo\/image\/","url":"https:\/\/rapports.groupe.schmidt\/assets\/uploads\/2023\/01\/schmidt_logo.svg","contentUrl":"https:\/\/rapports.groupe.schmidt\/assets\/uploads\/2023\/01\/schmidt_logo.svg","caption":"Rapport 2023 Schmidt Groupe"},"image":{"@id":"https:\/\/rapports.groupe.schmidt\/de\/#\/schema\/logo\/image\/"}}]}},"_links":{"self":[{"href":"https:\/\/rapports.groupe.schmidt\/de\/wp-json\/wp\/v2\/pages\/11987","targetHints":{"allow":["GET"]}}],"collection":[{"href":"https:\/\/rapports.groupe.schmidt\/de\/wp-json\/wp\/v2\/pages"}],"about":[{"href":"https:\/\/rapports.groupe.schmidt\/de\/wp-json\/wp\/v2\/types\/page"}],"author":[{"embeddable":true,"href":"https:\/\/rapports.groupe.schmidt\/de\/wp-json\/wp\/v2\/users\/11"}],"replies":[{"embeddable":true,"href":"https:\/\/rapports.groupe.schmidt\/de\/wp-json\/wp\/v2\/comments?post=11987"}],"version-history":[{"count":9,"href":"https:\/\/rapports.groupe.schmidt\/de\/wp-json\/wp\/v2\/pages\/11987\/revisions"}],"predecessor-version":[{"id":12964,"href":"https:\/\/rapports.groupe.schmidt\/de\/wp-json\/wp\/v2\/pages\/11987\/revisions\/12964"}],"up":[{"embeddable":true,"href":"https:\/\/rapports.groupe.schmidt\/de\/wp-json\/wp\/v2\/pages\/10794"}],"wp:attachment":[{"href":"https:\/\/rapports.groupe.schmidt\/de\/wp-json\/wp\/v2\/media?parent=11987"}],"curies":[{"name":"wp","href":"https:\/\/api.w.org\/{rel}","templated":true}]}}