{"id":11974,"date":"2023-11-27T13:59:36","date_gmt":"2023-11-27T12:59:36","guid":{"rendered":"https:\/\/rapports.groupe.schmidt\/2023-2\/impact\/b-corp-zertifizierung\/"},"modified":"2024-03-19T09:41:13","modified_gmt":"2024-03-19T08:41:13","slug":"b-corp-zertifizierung","status":"publish","type":"page","link":"https:\/\/rapports.groupe.schmidt\/de\/2023-2\/impact\/b-corp-zertifizierung\/","title":{"rendered":"B Corp-Zertifizierung"},"content":{"rendered":"\t\t<div data-elementor-type=\"wp-page\" data-elementor-id=\"11974\" class=\"elementor elementor-11974 elementor-8780\" data-elementor-post-type=\"page\">\n\t\t\t\t\t\t\t<div class=\"elementor-element elementor-element-2e9e86d6 e-con-full e-flex e-con e-parent\" data-id=\"2e9e86d6\" data-element_type=\"container\" data-settings=\"{&quot;content_width&quot;:&quot;full&quot;,&quot;container_type&quot;:&quot;flex&quot;}\" data-core-v316-plus=\"true\">\n\t\t<div class=\"elementor-element elementor-element-14a22b13 e-con-full e-flex e-con e-child\" data-id=\"14a22b13\" data-element_type=\"container\" data-settings=\"{&quot;background_background&quot;:&quot;slideshow&quot;,&quot;background_slideshow_gallery&quot;:[{&quot;id&quot;:11031,&quot;url&quot;:&quot;https:\\\/\\\/rapports.groupe.schmidt\\\/assets\\\/uploads\\\/2024\\\/01\\\/Image1-1-3.jpg&quot;}],&quot;content_width&quot;:&quot;full&quot;,&quot;container_type&quot;:&quot;flex&quot;,&quot;background_slideshow_loop&quot;:&quot;yes&quot;,&quot;background_slideshow_slide_duration&quot;:5000,&quot;background_slideshow_slide_transition&quot;:&quot;fade&quot;,&quot;background_slideshow_transition_duration&quot;:500}\">\n\t\t\t\t<\/div>\n\t\t\t\t<\/div>\n\t\t<div class=\"elementor-element elementor-element-36673bce e-con-full e-flex e-con e-parent\" data-id=\"36673bce\" data-element_type=\"container\" data-settings=\"{&quot;background_background&quot;:&quot;classic&quot;,&quot;content_width&quot;:&quot;full&quot;,&quot;container_type&quot;:&quot;flex&quot;}\" data-core-v316-plus=\"true\">\n\t\t<div class=\"elementor-element elementor-element-335dd5b4 e-con-full e-flex e-con e-child\" data-id=\"335dd5b4\" data-element_type=\"container\" data-settings=\"{&quot;content_width&quot;:&quot;full&quot;,&quot;background_background&quot;:&quot;classic&quot;,&quot;container_type&quot;:&quot;flex&quot;}\">\n\t\t<div class=\"elementor-element elementor-element-2387282 e-flex e-con-boxed e-con e-child\" data-id=\"2387282\" data-element_type=\"container\" data-settings=\"{&quot;container_type&quot;:&quot;flex&quot;,&quot;content_width&quot;:&quot;boxed&quot;}\">\n\t\t\t\t\t<div class=\"e-con-inner\">\n\t\t\t\t<div class=\"elementor-element elementor-element-04bfeec elementor-widget elementor-widget-heading\" data-id=\"04bfeec\" data-element_type=\"widget\" data-widget_type=\"heading.default\">\n\t\t\t\t<div class=\"elementor-widget-container\">\n\t\t\t<style>\/*! elementor - v3.17.0 - 08-11-2023 *\/\n.elementor-heading-title{padding:0;margin:0;line-height:1}.elementor-widget-heading .elementor-heading-title[class*=elementor-size-]>a{color:inherit;font-size:inherit;line-height:inherit}.elementor-widget-heading .elementor-heading-title.elementor-size-small{font-size:15px}.elementor-widget-heading .elementor-heading-title.elementor-size-medium{font-size:19px}.elementor-widget-heading .elementor-heading-title.elementor-size-large{font-size:29px}.elementor-widget-heading .elementor-heading-title.elementor-size-xl{font-size:39px}.elementor-widget-heading .elementor-heading-title.elementor-size-xxl{font-size:59px}<\/style><h2 class=\"elementor-heading-title elementor-size-default\">impact<\/h2>\t\t<\/div>\n\t\t\t\t<\/div>\n\t\t\t\t\t<\/div>\n\t\t\t\t<\/div>\n\t\t\t\t<div class=\"elementor-element elementor-element-3b5082d elementor-vertical-align-top elementor-invisible elementor-widget elementor-widget-icon-box\" data-id=\"3b5082d\" data-element_type=\"widget\" data-settings=\"{&quot;_animation&quot;:&quot;fadeIn&quot;,&quot;_animation_delay&quot;:&quot;0&quot;}\" data-widget_type=\"icon-box.default\">\n\t\t\t\t<div class=\"elementor-widget-container\">\n\t\t\t<link rel=\"stylesheet\" href=\"https:\/\/rapports.groupe.schmidt\/assets\/plugins\/elementor\/assets\/css\/widget-icon-box.min.css\">\t\t<div class=\"elementor-icon-box-wrapper\">\n\t\t\t\t\t\t<div class=\"elementor-icon-box-content\">\n\t\t\t\t<h3 class=\"elementor-icon-box-title\">\n\t\t\t\t\t<span  >\n\t\t\t\t\t\tStrategie 2023\t\t\t\t\t<\/span>\n\t\t\t\t<\/h3>\n\t\t\t\t\t\t\t\t\t<p class=\"elementor-icon-box-description\">\n\t\t\t\t\t\t2023 wurde ein ehrgeiziger und einflussreicher Prozess abgeschlossen: Unser Unternehmen wurde als B Corp. zertifiziert. Diese Auszeichnung ist ein Beweis f\u00fcr unser Engagement und best\u00e4tigt unsere verschiedenen konkreten Entscheidungen f\u00fcr eine bessere Welt. Im Einklang mit unserem Ziel, Europas f\u00fchrender Wirtschaftsbetrieb zu werden, der f\u00fcr seine positiven Auswirkungen auf die Gesellschaft und die Umwelt anerkannt ist, haben wir unsere Ma\u00dfnahmen mit positiven Auswirkungen auf alle unsere CSR-S\u00e4ulen beschleunigt: Planet, Mitarbeiter, Kunden und die Gemeinschaft.\t\t\t\t\t<\/p>\n\t\t\t\t\t\t\t<\/div>\n\t\t<\/div>\n\t\t\t\t<\/div>\n\t\t\t\t<\/div>\n\t\t\t\t<div class=\"elementor-element elementor-element-56395dd0 elementor-vertical-align-middle animated-slow elementor-invisible elementor-widget elementor-widget-icon-box\" data-id=\"56395dd0\" data-element_type=\"widget\" data-settings=\"{&quot;_animation&quot;:&quot;fadeIn&quot;,&quot;_animation_delay&quot;:&quot;200&quot;}\" data-widget_type=\"icon-box.default\">\n\t\t\t\t<div class=\"elementor-widget-container\">\n\t\t\t\t\t<div class=\"elementor-icon-box-wrapper\">\n\t\t\t\t\t\t<div class=\"elementor-icon-box-content\">\n\t\t\t\t<h3 class=\"elementor-icon-box-title\">\n\t\t\t\t\t<span  >\n\t\t\t\t\t\tZielsetzungen 2024\t\t\t\t\t<\/span>\n\t\t\t\t<\/h3>\n\t\t\t\t\t\t\t\t\t<p class=\"elementor-icon-box-description\">\n\t\t\t\t\t\tDieses Jahr wird eine echte Beschleunigung f\u00fcr die soziale Verantwortung der Schmidt Groupe darstellen. Nachhaltige Entwicklung muss unser wichtigstes Kriterium f\u00fcr unsere Unternehmensstrategie werden, und wir wollen unseren Erfolg nicht nur am Umsatz, sondern auch an gl\u00fccklichen Kunden, erf\u00fcllten Mitarbeitern und positiven Auswirkungen messen. Gest\u00fctzt auf unsere B Corp-Zertifizierung als konkreten Beweis f\u00fcr unser Engagement sind wir auf dem Weg, unser Modell im Dienste des besseren Zusammenlebens neu zu verzaubern!\t\t\t\t\t<\/p>\n\t\t\t\t\t\t\t<\/div>\n\t\t<\/div>\n\t\t\t\t<\/div>\n\t\t\t\t<\/div>\n\t\t\t\t<\/div>\n\t\t<div class=\"elementor-element elementor-element-484ec615 e-con-full e-flex e-con e-child\" data-id=\"484ec615\" data-element_type=\"container\" data-settings=\"{&quot;background_background&quot;:&quot;classic&quot;,&quot;content_width&quot;:&quot;full&quot;,&quot;container_type&quot;:&quot;flex&quot;}\">\n\t\t\t\t<div class=\"elementor-element elementor-element-320d8a4c elementor-widget elementor-widget-heading\" data-id=\"320d8a4c\" data-element_type=\"widget\" data-widget_type=\"heading.default\">\n\t\t\t\t<div class=\"elementor-widget-container\">\n\t\t\t<h2 class=\"elementor-heading-title elementor-size-default\">STOLZ, B Corp\u2122 ZU SEIN!<\/h2>\t\t<\/div>\n\t\t\t\t<\/div>\n\t\t\t\t<div class=\"elementor-element elementor-element-2eefd1cc elementor-widget__width-initial elementor-widget elementor-widget-text-editor\" data-id=\"2eefd1cc\" data-element_type=\"widget\" data-widget_type=\"text-editor.default\">\n\t\t\t\t<div class=\"elementor-widget-container\">\n\t\t\t<style>\/*! elementor - v3.17.0 - 08-11-2023 *\/\n.elementor-widget-text-editor.elementor-drop-cap-view-stacked .elementor-drop-cap{background-color:#69727d;color:#fff}.elementor-widget-text-editor.elementor-drop-cap-view-framed .elementor-drop-cap{color:#69727d;border:3px solid;background-color:transparent}.elementor-widget-text-editor:not(.elementor-drop-cap-view-default) .elementor-drop-cap{margin-top:8px}.elementor-widget-text-editor:not(.elementor-drop-cap-view-default) .elementor-drop-cap-letter{width:1em;height:1em}.elementor-widget-text-editor .elementor-drop-cap{float:left;text-align:center;line-height:1;font-size:50px}.elementor-widget-text-editor .elementor-drop-cap-letter{display:inline-block}<\/style>\t\t\t\t<p>Am Ende eines langen und sehr anspruchsvollen Prozesses, der im April 2022 begann, sind wir sehr stolz darauf, dass wir im November 2023 der Bewegung der Unternehmen mit positiver Wirkung beigetreten sind. Dieser Erfolg ist der Erfolg des gesamten Unternehmens und das Ergebnis einer kollektiven Arbeit, f\u00fcr die sich das gesamte Unternehmen von Anfang an engagiert hat.<\/p>\n<p>B Corp ist mehr als ein Label, es ist eine internationale Bewegung, die mehr als 7.200 zertifizierte B-Unternehmen in 93 L\u00e4ndern, darunter 350 in Frankreich, vereint. Alle B Corps teilen eine gemeinsame Vision: Wir stellen positive Auswirkungen in den Mittelpunkt unserer Priorit\u00e4ten, \u00fcbernehmen hohe Sozial- und Umweltstandards, um zu einer integrativeren, faireren und regenerativeren Wirtschaft beizutragen &#8230; und dabei das Gleichgewicht zwischen Rentabilit\u00e4t und Verantwortung zu wahren.<\/p>\n<p>Die Schmidt Groupe wurde mit 84,3 Punkten zertifiziert. Was B Corp ist, wie man es wird und warum, erkl\u00e4ren wir Ihnen <a href=\"https:\/\/www.groupe.schmidt\/de\/b-corp-de\/\" target=\"_blank\" rel=\"noopener\">hier<\/a>.<\/p>\n\t\t\t\t\t\t<\/div>\n\t\t\t\t<\/div>\n\t\t<div class=\"elementor-element elementor-element-79d2567 e-con-full e-flex e-con e-child\" data-id=\"79d2567\" data-element_type=\"container\" data-settings=\"{&quot;content_width&quot;:&quot;full&quot;,&quot;background_background&quot;:&quot;classic&quot;,&quot;container_type&quot;:&quot;flex&quot;}\">\n\t\t<div class=\"elementor-element elementor-element-273cca1 e-flex e-con-boxed e-con e-child\" data-id=\"273cca1\" data-element_type=\"container\" data-settings=\"{&quot;container_type&quot;:&quot;flex&quot;,&quot;content_width&quot;:&quot;boxed&quot;}\">\n\t\t\t\t\t<div class=\"e-con-inner\">\n\t\t\t\t<div class=\"elementor-element elementor-element-b4c6091 elementor-widget__width-initial elementor-widget elementor-widget-text-editor\" data-id=\"b4c6091\" data-element_type=\"widget\" data-widget_type=\"text-editor.default\">\n\t\t\t\t<div class=\"elementor-widget-container\">\n\t\t\t\t\t\t\t<p>&#8222;<strong>Angesichts der sich beschleunigenden klimatischen und sozialen Verwerfungen wollen wir, die Schmidt Groupe, ein engagiertes erweitertes Unternehmen, schneller und st\u00e4rker bei der Neuerfindung Ihres pers\u00f6nlichen, nachhaltigen Lebensraums handeln, damit Sie besser leben k\u00f6nnen. Und gemeinsam werden wir dazu beitragen, unsere Art, die Welt besser zu bewohnen, zu bewohnen, neu erfinden.<\/strong>&#8220; Anne Leitzgen, Pr\u00e4sidentin<\/p>\n\t\t\t\t\t\t<\/div>\n\t\t\t\t<\/div>\n\t\t\t\t\t<\/div>\n\t\t\t\t<\/div>\n\t\t\t\t<\/div>\n\t\t<div class=\"elementor-element elementor-element-ffd5e9e e-con-full e-flex e-con e-child\" data-id=\"ffd5e9e\" data-element_type=\"container\" data-settings=\"{&quot;content_width&quot;:&quot;full&quot;,&quot;background_background&quot;:&quot;classic&quot;,&quot;container_type&quot;:&quot;flex&quot;}\">\n\t\t\t\t<div class=\"elementor-element elementor-element-f66fe08 elementor-widget elementor-widget-image\" data-id=\"f66fe08\" data-element_type=\"widget\" data-widget_type=\"image.default\">\n\t\t\t\t<div class=\"elementor-widget-container\">\n\t\t\t<style>\/*! elementor - v3.17.0 - 08-11-2023 *\/\n.elementor-widget-image{text-align:center}.elementor-widget-image a{display:inline-block}.elementor-widget-image a img[src$=\".svg\"]{width:48px}.elementor-widget-image img{vertical-align:middle;display:inline-block}<\/style>\t\t\t\t\t\t\t\t\t\t\t\t\t<a href=\"https:\/\/www.groupe.schmidt\/b-corp\/\">\n\t\t\t\t\t\t\t<img fetchpriority=\"high\" decoding=\"async\" width=\"1024\" height=\"137\" src=\"https:\/\/rapports.groupe.schmidt\/assets\/uploads\/2024\/01\/Banniere-1024x137.jpg\" class=\"attachment-large size-large wp-image-11980\" alt=\"\" srcset=\"https:\/\/rapports.groupe.schmidt\/assets\/uploads\/2024\/01\/Banniere-1024x137.jpg 1024w, https:\/\/rapports.groupe.schmidt\/assets\/uploads\/2024\/01\/Banniere-300x40.jpg 300w, https:\/\/rapports.groupe.schmidt\/assets\/uploads\/2024\/01\/Banniere.jpg 2000w\" sizes=\"(max-width: 1024px) 100vw, 1024px\" \/>\t\t\t\t\t\t\t\t<\/a>\n\t\t\t\t\t\t\t\t\t\t\t\t\t\t\t<\/div>\n\t\t\t\t<\/div>\n\t\t\t\t<\/div>\n\t\t\t\t<\/div>\n\t\t\t\t<\/div>\n\t\t\t\t\t\t\t<\/div>\n\t\t","protected":false},"excerpt":{"rendered":"<p>impact Strategie 2023 2023 wurde ein ehrgeiziger und einflussreicher Prozess abgeschlossen: Unser Unternehmen wurde als B Corp. zertifiziert. Diese Auszeichnung ist ein Beweis f\u00fcr unser Engagement und best\u00e4tigt unsere verschiedenen konkreten Entscheidungen f\u00fcr eine bessere Welt. Im Einklang mit unserem Ziel, Europas f\u00fchrender Wirtschaftsbetrieb zu werden, der f\u00fcr seine positiven Auswirkungen auf die Gesellschaft und [&hellip;]<\/p>\n","protected":false},"author":11,"featured_media":0,"parent":10794,"menu_order":0,"comment_status":"closed","ping_status":"closed","template":"","meta":{"footnotes":""},"class_list":["post-11974","page","type-page","status-publish","hentry","entry"],"yoast_head":"<!-- This site is optimized with the Yoast SEO plugin v21.5 - https:\/\/yoast.com\/wordpress\/plugins\/seo\/ -->\n<title>B Corp-Zertifizierung - Rapport 2023 Schmidt Groupe<\/title>\n<meta name=\"robots\" content=\"noindex, follow, max-snippet:-1, max-image-preview:large, max-video-preview:-1\" \/>\n<meta property=\"og:locale\" content=\"de_DE\" \/>\n<meta property=\"og:type\" content=\"article\" \/>\n<meta property=\"og:title\" content=\"B Corp-Zertifizierung - Rapport 2023 Schmidt Groupe\" \/>\n<meta property=\"og:description\" content=\"impact Strategie 2023 2023 wurde ein ehrgeiziger und einflussreicher Prozess abgeschlossen: Unser Unternehmen wurde als B Corp. zertifiziert. Diese Auszeichnung ist ein Beweis f\u00fcr unser Engagement und best\u00e4tigt unsere verschiedenen konkreten Entscheidungen f\u00fcr eine bessere Welt. Im Einklang mit unserem Ziel, Europas f\u00fchrender Wirtschaftsbetrieb zu werden, der f\u00fcr seine positiven Auswirkungen auf die Gesellschaft und [&hellip;]\" \/>\n<meta property=\"og:url\" content=\"https:\/\/rapports.groupe.schmidt\/de\/2023-2\/impact\/b-corp-zertifizierung\/\" \/>\n<meta property=\"og:site_name\" content=\"Rapport 2023 Schmidt Groupe\" \/>\n<meta property=\"article:modified_time\" content=\"2024-03-19T08:41:13+00:00\" \/>\n<meta property=\"og:image\" content=\"https:\/\/rapports.groupe.schmidt\/assets\/uploads\/2024\/01\/Banniere-1024x137.jpg\" \/>\n<meta name=\"twitter:card\" content=\"summary_large_image\" \/>\n<meta name=\"twitter:label1\" content=\"Gesch\u00e4tzte Lesezeit\" \/>\n\t<meta name=\"twitter:data1\" content=\"2\u00a0Minuten\" \/>\n<script type=\"application\/ld+json\" class=\"yoast-schema-graph\">{\"@context\":\"https:\/\/schema.org\",\"@graph\":[{\"@type\":\"WebPage\",\"@id\":\"https:\/\/rapports.groupe.schmidt\/de\/2023-2\/impact\/b-corp-zertifizierung\/\",\"url\":\"https:\/\/rapports.groupe.schmidt\/de\/2023-2\/impact\/b-corp-zertifizierung\/\",\"name\":\"B Corp-Zertifizierung - Rapport 2023 Schmidt Groupe\",\"isPartOf\":{\"@id\":\"https:\/\/rapports.groupe.schmidt\/de\/#website\"},\"datePublished\":\"2023-11-27T12:59:36+00:00\",\"dateModified\":\"2024-03-19T08:41:13+00:00\",\"breadcrumb\":{\"@id\":\"https:\/\/rapports.groupe.schmidt\/de\/2023-2\/impact\/b-corp-zertifizierung\/#breadcrumb\"},\"inLanguage\":\"de\",\"potentialAction\":[{\"@type\":\"ReadAction\",\"target\":[\"https:\/\/rapports.groupe.schmidt\/de\/2023-2\/impact\/b-corp-zertifizierung\/\"]}]},{\"@type\":\"BreadcrumbList\",\"@id\":\"https:\/\/rapports.groupe.schmidt\/de\/2023-2\/impact\/b-corp-zertifizierung\/#breadcrumb\",\"itemListElement\":[{\"@type\":\"ListItem\",\"position\":1,\"name\":\"2023\",\"item\":\"https:\/\/rapports.groupe.schmidt\/de\/\"},{\"@type\":\"ListItem\",\"position\":2,\"name\":\"Impact\",\"item\":\"https:\/\/rapports.groupe.schmidt\/de\/impact\/\"},{\"@type\":\"ListItem\",\"position\":3,\"name\":\"B Corp-Zertifizierung\"}]},{\"@type\":\"WebSite\",\"@id\":\"https:\/\/rapports.groupe.schmidt\/de\/#website\",\"url\":\"https:\/\/rapports.groupe.schmidt\/de\/\",\"name\":\"Rapport 2023 Schmidt Groupe\",\"description\":\"\",\"publisher\":{\"@id\":\"https:\/\/rapports.groupe.schmidt\/de\/#organization\"},\"potentialAction\":[{\"@type\":\"SearchAction\",\"target\":{\"@type\":\"EntryPoint\",\"urlTemplate\":\"https:\/\/rapports.groupe.schmidt\/de\/?s={search_term_string}\"},\"query-input\":\"required name=search_term_string\"}],\"inLanguage\":\"de\"},{\"@type\":\"Organization\",\"@id\":\"https:\/\/rapports.groupe.schmidt\/de\/#organization\",\"name\":\"Rapport 2023 Schmidt Groupe\",\"url\":\"https:\/\/rapports.groupe.schmidt\/de\/\",\"logo\":{\"@type\":\"ImageObject\",\"inLanguage\":\"de\",\"@id\":\"https:\/\/rapports.groupe.schmidt\/de\/#\/schema\/logo\/image\/\",\"url\":\"https:\/\/rapports.groupe.schmidt\/assets\/uploads\/2023\/01\/schmidt_logo.svg\",\"contentUrl\":\"https:\/\/rapports.groupe.schmidt\/assets\/uploads\/2023\/01\/schmidt_logo.svg\",\"caption\":\"Rapport 2023 Schmidt Groupe\"},\"image\":{\"@id\":\"https:\/\/rapports.groupe.schmidt\/de\/#\/schema\/logo\/image\/\"}}]}<\/script>\n<!-- \/ Yoast SEO plugin. -->","yoast_head_json":{"title":"B Corp-Zertifizierung - Rapport 2023 Schmidt Groupe","robots":{"index":"noindex","follow":"follow","max-snippet":"max-snippet:-1","max-image-preview":"max-image-preview:large","max-video-preview":"max-video-preview:-1"},"og_locale":"de_DE","og_type":"article","og_title":"B Corp-Zertifizierung - Rapport 2023 Schmidt Groupe","og_description":"impact Strategie 2023 2023 wurde ein ehrgeiziger und einflussreicher Prozess abgeschlossen: Unser Unternehmen wurde als B Corp. zertifiziert. Diese Auszeichnung ist ein Beweis f\u00fcr unser Engagement und best\u00e4tigt unsere verschiedenen konkreten Entscheidungen f\u00fcr eine bessere Welt. Im Einklang mit unserem Ziel, Europas f\u00fchrender Wirtschaftsbetrieb zu werden, der f\u00fcr seine positiven Auswirkungen auf die Gesellschaft und [&hellip;]","og_url":"https:\/\/rapports.groupe.schmidt\/de\/2023-2\/impact\/b-corp-zertifizierung\/","og_site_name":"Rapport 2023 Schmidt Groupe","article_modified_time":"2024-03-19T08:41:13+00:00","og_image":[{"url":"https:\/\/rapports.groupe.schmidt\/assets\/uploads\/2024\/01\/Banniere-1024x137.jpg"}],"twitter_card":"summary_large_image","twitter_misc":{"Gesch\u00e4tzte Lesezeit":"2\u00a0Minuten"},"schema":{"@context":"https:\/\/schema.org","@graph":[{"@type":"WebPage","@id":"https:\/\/rapports.groupe.schmidt\/de\/2023-2\/impact\/b-corp-zertifizierung\/","url":"https:\/\/rapports.groupe.schmidt\/de\/2023-2\/impact\/b-corp-zertifizierung\/","name":"B Corp-Zertifizierung - Rapport 2023 Schmidt Groupe","isPartOf":{"@id":"https:\/\/rapports.groupe.schmidt\/de\/#website"},"datePublished":"2023-11-27T12:59:36+00:00","dateModified":"2024-03-19T08:41:13+00:00","breadcrumb":{"@id":"https:\/\/rapports.groupe.schmidt\/de\/2023-2\/impact\/b-corp-zertifizierung\/#breadcrumb"},"inLanguage":"de","potentialAction":[{"@type":"ReadAction","target":["https:\/\/rapports.groupe.schmidt\/de\/2023-2\/impact\/b-corp-zertifizierung\/"]}]},{"@type":"BreadcrumbList","@id":"https:\/\/rapports.groupe.schmidt\/de\/2023-2\/impact\/b-corp-zertifizierung\/#breadcrumb","itemListElement":[{"@type":"ListItem","position":1,"name":"2023","item":"https:\/\/rapports.groupe.schmidt\/de\/"},{"@type":"ListItem","position":2,"name":"Impact","item":"https:\/\/rapports.groupe.schmidt\/de\/impact\/"},{"@type":"ListItem","position":3,"name":"B Corp-Zertifizierung"}]},{"@type":"WebSite","@id":"https:\/\/rapports.groupe.schmidt\/de\/#website","url":"https:\/\/rapports.groupe.schmidt\/de\/","name":"Rapport 2023 Schmidt Groupe","description":"","publisher":{"@id":"https:\/\/rapports.groupe.schmidt\/de\/#organization"},"potentialAction":[{"@type":"SearchAction","target":{"@type":"EntryPoint","urlTemplate":"https:\/\/rapports.groupe.schmidt\/de\/?s={search_term_string}"},"query-input":"required name=search_term_string"}],"inLanguage":"de"},{"@type":"Organization","@id":"https:\/\/rapports.groupe.schmidt\/de\/#organization","name":"Rapport 2023 Schmidt Groupe","url":"https:\/\/rapports.groupe.schmidt\/de\/","logo":{"@type":"ImageObject","inLanguage":"de","@id":"https:\/\/rapports.groupe.schmidt\/de\/#\/schema\/logo\/image\/","url":"https:\/\/rapports.groupe.schmidt\/assets\/uploads\/2023\/01\/schmidt_logo.svg","contentUrl":"https:\/\/rapports.groupe.schmidt\/assets\/uploads\/2023\/01\/schmidt_logo.svg","caption":"Rapport 2023 Schmidt Groupe"},"image":{"@id":"https:\/\/rapports.groupe.schmidt\/de\/#\/schema\/logo\/image\/"}}]}},"_links":{"self":[{"href":"https:\/\/rapports.groupe.schmidt\/de\/wp-json\/wp\/v2\/pages\/11974","targetHints":{"allow":["GET"]}}],"collection":[{"href":"https:\/\/rapports.groupe.schmidt\/de\/wp-json\/wp\/v2\/pages"}],"about":[{"href":"https:\/\/rapports.groupe.schmidt\/de\/wp-json\/wp\/v2\/types\/page"}],"author":[{"embeddable":true,"href":"https:\/\/rapports.groupe.schmidt\/de\/wp-json\/wp\/v2\/users\/11"}],"replies":[{"embeddable":true,"href":"https:\/\/rapports.groupe.schmidt\/de\/wp-json\/wp\/v2\/comments?post=11974"}],"version-history":[{"count":7,"href":"https:\/\/rapports.groupe.schmidt\/de\/wp-json\/wp\/v2\/pages\/11974\/revisions"}],"predecessor-version":[{"id":12932,"href":"https:\/\/rapports.groupe.schmidt\/de\/wp-json\/wp\/v2\/pages\/11974\/revisions\/12932"}],"up":[{"embeddable":true,"href":"https:\/\/rapports.groupe.schmidt\/de\/wp-json\/wp\/v2\/pages\/10794"}],"wp:attachment":[{"href":"https:\/\/rapports.groupe.schmidt\/de\/wp-json\/wp\/v2\/media?parent=11974"}],"curies":[{"name":"wp","href":"https:\/\/api.w.org\/{rel}","templated":true}]}}